{"id":12980,"date":"2025-11-18T10:33:42","date_gmt":"2025-11-18T10:33:42","guid":{"rendered":"https:\/\/dihse.es\/?page_id=12980"},"modified":"2025-11-19T09:45:48","modified_gmt":"2025-11-19T09:45:48","slug":"accesibilidad-a-la-banca-digital-para-la-poblacion-de-edad-avanzada","status":"publish","type":"page","link":"https:\/\/dihse.es\/es\/accesibilidad-a-la-banca-digital-para-la-poblacion-de-edad-avanzada\/","title":{"rendered":"Accesibilidad a la banca digital para la poblaci\u00f3n de edad avanzada"},"content":{"rendered":"\t\t<div data-elementor-type=\"wp-page\" data-elementor-id=\"12980\" class=\"elementor elementor-12980 elementor-12791\" data-elementor-post-type=\"page\">\n\t\t\t\t\t\t\t<div class=\"elementor-element elementor-element-d5bb401 e-flex e-con-boxed e-con e-parent\" data-id=\"d5bb401\" data-element_type=\"container\" data-settings=\"{&quot;content_width&quot;:&quot;boxed&quot;}\" data-core-v316-plus=\"true\">\n\t\t\t\t\t<div class=\"e-con-inner\">\n\t\t\t\t<div class=\"elementor-element elementor-element-40f02d2 elementor-widget elementor-widget-text-editor\" data-id=\"40f02d2\" data-element_type=\"widget\" data-widget_type=\"text-editor.default\">\n\t\t\t\t<div class=\"elementor-widget-container\">\n\t\t\t<style>\/*! elementor - v3.18.0 - 20-12-2023 *\/\n.elementor-widget-text-editor.elementor-drop-cap-view-stacked .elementor-drop-cap{background-color:#69727d;color:#fff}.elementor-widget-text-editor.elementor-drop-cap-view-framed .elementor-drop-cap{color:#69727d;border:3px solid;background-color:transparent}.elementor-widget-text-editor:not(.elementor-drop-cap-view-default) .elementor-drop-cap{margin-top:8px}.elementor-widget-text-editor:not(.elementor-drop-cap-view-default) .elementor-drop-cap-letter{width:1em;height:1em}.elementor-widget-text-editor .elementor-drop-cap{float:left;text-align:center;line-height:1;font-size:50px}.elementor-widget-text-editor .elementor-drop-cap-letter{display:inline-block}<\/style>\t\t\t\t<div class=\"Y3BBE\" data-sfc-cp=\"\" data-hveid=\"CAEQAA\" data-processed=\"true\">\n<p>El 16 de junio de 2025, Benegiles acogi\u00f3 el taller sobre accesibilidad a la banca digital para la poblaci\u00f3n de edad avanzada, como parte del proyecto&nbsp;<a href=\"http:\/\/www.dihse.es\" target=\"_blank\">Digital Innovation Hub Silver&nbsp;<\/a><a href=\"http:\/\/www.dihse.es\" target=\"_blank\">Economy<\/a>. Este evento se centr\u00f3 en ayudar a las personas mayores a utilizar las herramientas digitales, con el fin de reducir la exclusi\u00f3n digital.<\/p>\n<ul>\n<li>Evento: Taller sobre accesibilidad a la banca digital.<\/li>\n<li>Fecha: 16 de junio de 2025.<\/li>\n<li>Lugar: Benegiles, Zamora.<\/li>\n<li>Objetivo: Acercar los medios digitales b\u00e1sicos a la poblaci\u00f3n de edad avanzada para reducir la exclusi\u00f3n digital.<\/li>\n<\/ul>\n<\/div>\t\t\t\t\t\t<\/div>\n\t\t\t\t<\/div>\n\t\t\t\t\t<\/div>\n\t\t\t\t<\/div>\n\t\t\t\t<section class=\"elementor-section elementor-top-section elementor-element elementor-element-b92a0a3 elementor-section-content-middle elementor-section-boxed elementor-section-height-default elementor-section-height-default\" data-id=\"b92a0a3\" data-element_type=\"section\">\n\t\t\t\t\t\t<div class=\"elementor-container elementor-column-gap-default\">\n\t\t\t\t\t<div class=\"elementor-column elementor-col-25 elementor-top-column elementor-element elementor-element-56f530d\" data-id=\"56f530d\" data-element_type=\"column\">\n\t\t\t<div class=\"elementor-widget-wrap elementor-element-populated\">\n\t\t\t\t\t\t\t\t<div class=\"elementor-element elementor-element-06bb2fd elementor-widget elementor-widget-image\" data-id=\"06bb2fd\" data-element_type=\"widget\" data-widget_type=\"image.default\">\n\t\t\t\t<div class=\"elementor-widget-container\">\n\t\t\t<style>\/*! elementor - v3.18.0 - 20-12-2023 *\/\n.elementor-widget-image{text-align:center}.elementor-widget-image a{display:inline-block}.elementor-widget-image a img[src$=\".svg\"]{width:48px}.elementor-widget-image img{vertical-align:middle;display:inline-block}<\/style>\t\t\t\t\t\t\t\t\t\t\t\t\t<a href=\"#\" target=\"_blank\">\n\t\t\t\t\t\t\t<img fetchpriority=\"high\" decoding=\"async\" width=\"768\" height=\"232\" src=\"https:\/\/dihse.es\/wp-content\/uploads\/2025\/11\/Interreg-Logo-Espana-Portugal-CMYK-Color-03-768x232.jpg\" class=\"attachment-medium_large size-medium_large wp-image-12806\" alt=\"\" srcset=\"https:\/\/dihse.es\/wp-content\/uploads\/2025\/11\/Interreg-Logo-Espana-Portugal-CMYK-Color-03-768x232.jpg 768w, https:\/\/dihse.es\/wp-content\/uploads\/2025\/11\/Interreg-Logo-Espana-Portugal-CMYK-Color-03-300x90.jpg 300w, https:\/\/dihse.es\/wp-content\/uploads\/2025\/11\/Interreg-Logo-Espana-Portugal-CMYK-Color-03-1024x309.jpg 1024w, https:\/\/dihse.es\/wp-content\/uploads\/2025\/11\/Interreg-Logo-Espana-Portugal-CMYK-Color-03-1536x463.jpg 1536w, https:\/\/dihse.es\/wp-content\/uploads\/2025\/11\/Interreg-Logo-Espana-Portugal-CMYK-Color-03.jpg 1903w\" sizes=\"(max-width: 768px) 100vw, 768px\" \/>\t\t\t\t\t\t\t\t<\/a>\n\t\t\t\t\t\t\t\t\t\t\t\t\t\t\t<\/div>\n\t\t\t\t<\/div>\n\t\t\t\t\t<\/div>\n\t\t<\/div>\n\t\t\t\t<div class=\"elementor-column elementor-col-25 elementor-top-column elementor-element elementor-element-17d5088\" data-id=\"17d5088\" data-element_type=\"column\">\n\t\t\t<div class=\"elementor-widget-wrap elementor-element-populated\">\n\t\t\t\t\t\t\t\t<div class=\"elementor-element elementor-element-3958685 elementor-widget elementor-widget-image\" data-id=\"3958685\" data-element_type=\"widget\" data-widget_type=\"image.default\">\n\t\t\t\t<div class=\"elementor-widget-container\">\n\t\t\t\t\t\t\t\t\t\t\t\t\t\t\t\t<a href=\"#\" target=\"_blank\">\n\t\t\t\t\t\t\t<img decoding=\"async\" width=\"300\" height=\"136\" src=\"https:\/\/dihse.es\/wp-content\/uploads\/2025\/11\/Diputacion-Zamora-Logo-2020-2H-color-1-300x136.png\" class=\"attachment-medium size-medium wp-image-12812\" alt=\"\" srcset=\"https:\/\/dihse.es\/wp-content\/uploads\/2025\/11\/Diputacion-Zamora-Logo-2020-2H-color-1-300x136.png 300w, https:\/\/dihse.es\/wp-content\/uploads\/2025\/11\/Diputacion-Zamora-Logo-2020-2H-color-1-1024x464.png 1024w, https:\/\/dihse.es\/wp-content\/uploads\/2025\/11\/Diputacion-Zamora-Logo-2020-2H-color-1-768x348.png 768w, https:\/\/dihse.es\/wp-content\/uploads\/2025\/11\/Diputacion-Zamora-Logo-2020-2H-color-1-1536x696.png 1536w, https:\/\/dihse.es\/wp-content\/uploads\/2025\/11\/Diputacion-Zamora-Logo-2020-2H-color-1.png 1982w\" sizes=\"(max-width: 300px) 100vw, 300px\" \/>\t\t\t\t\t\t\t\t<\/a>\n\t\t\t\t\t\t\t\t\t\t\t\t\t\t\t<\/div>\n\t\t\t\t<\/div>\n\t\t\t\t\t<\/div>\n\t\t<\/div>\n\t\t\t\t<div class=\"elementor-column elementor-col-25 elementor-top-column elementor-element elementor-element-9bb1676\" data-id=\"9bb1676\" data-element_type=\"column\">\n\t\t\t<div class=\"elementor-widget-wrap elementor-element-populated\">\n\t\t\t\t\t\t\t\t<div class=\"elementor-element elementor-element-4bc2bfd elementor-widget elementor-widget-image\" data-id=\"4bc2bfd\" data-element_type=\"widget\" data-widget_type=\"image.default\">\n\t\t\t\t<div class=\"elementor-widget-container\">\n\t\t\t\t\t\t\t\t\t\t\t\t\t\t\t\t<a href=\"#\" target=\"_blank\">\n\t\t\t\t\t\t\t<img decoding=\"async\" width=\"190\" height=\"67\" src=\"https:\/\/dihse.es\/wp-content\/uploads\/2025\/11\/logo.png\" class=\"attachment-medium size-medium wp-image-11576\" alt=\"\" \/>\t\t\t\t\t\t\t\t<\/a>\n\t\t\t\t\t\t\t\t\t\t\t\t\t\t\t<\/div>\n\t\t\t\t<\/div>\n\t\t\t\t\t<\/div>\n\t\t<\/div>\n\t\t\t\t<div class=\"elementor-column elementor-col-25 elementor-top-column elementor-element elementor-element-a7d272e\" data-id=\"a7d272e\" data-element_type=\"column\">\n\t\t\t<div class=\"elementor-widget-wrap elementor-element-populated\">\n\t\t\t\t\t\t\t\t<div class=\"elementor-element elementor-element-3832d1a elementor-widget elementor-widget-image\" data-id=\"3832d1a\" data-element_type=\"widget\" data-widget_type=\"image.default\">\n\t\t\t\t<div class=\"elementor-widget-container\">\n\t\t\t\t\t\t\t\t\t\t\t\t\t\t\t\t<a href=\"#\" target=\"_blank\">\n\t\t\t\t\t\t\t<img loading=\"lazy\" decoding=\"async\" width=\"300\" height=\"123\" src=\"https:\/\/dihse.es\/wp-content\/uploads\/2025\/11\/Marca_Bragan_a_Assinatura_Complementar-300x123.jpg\" class=\"attachment-medium size-medium wp-image-12818\" alt=\"\" srcset=\"https:\/\/dihse.es\/wp-content\/uploads\/2025\/11\/Marca_Bragan_a_Assinatura_Complementar-300x123.jpg 300w, https:\/\/dihse.es\/wp-content\/uploads\/2025\/11\/Marca_Bragan_a_Assinatura_Complementar-1024x420.jpg 1024w, https:\/\/dihse.es\/wp-content\/uploads\/2025\/11\/Marca_Bragan_a_Assinatura_Complementar-768x315.jpg 768w, https:\/\/dihse.es\/wp-content\/uploads\/2025\/11\/Marca_Bragan_a_Assinatura_Complementar.jpg 1182w\" sizes=\"(max-width: 300px) 100vw, 300px\" \/>\t\t\t\t\t\t\t\t<\/a>\n\t\t\t\t\t\t\t\t\t\t\t\t\t\t\t<\/div>\n\t\t\t\t<\/div>\n\t\t\t\t\t<\/div>\n\t\t<\/div>\n\t\t\t\t\t\t\t<\/div>\n\t\t<\/section>\n\t\t\t\t<section class=\"elementor-section elementor-top-section elementor-element elementor-element-7949d7f elementor-section-content-middle elementor-section-boxed elementor-section-height-default elementor-section-height-default\" data-id=\"7949d7f\" data-element_type=\"section\">\n\t\t\t\t\t\t<div class=\"elementor-container elementor-column-gap-default\">\n\t\t\t\t\t<div class=\"elementor-column elementor-col-25 elementor-top-column elementor-element elementor-element-8684a5d\" data-id=\"8684a5d\" data-element_type=\"column\">\n\t\t\t<div class=\"elementor-widget-wrap elementor-element-populated\">\n\t\t\t\t\t\t\t\t<div class=\"elementor-element elementor-element-ac4b02a elementor-widget elementor-widget-image\" data-id=\"ac4b02a\" data-element_type=\"widget\" data-widget_type=\"image.default\">\n\t\t\t\t<div class=\"elementor-widget-container\">\n\t\t\t\t\t\t\t\t\t\t\t\t\t\t\t\t<a href=\"#\" target=\"_blank\">\n\t\t\t\t\t\t\t<img loading=\"lazy\" decoding=\"async\" width=\"150\" height=\"150\" src=\"https:\/\/dihse.es\/wp-content\/uploads\/2025\/11\/Logo-CIM-5-05-1-1-150x150.png\" class=\"attachment-thumbnail size-thumbnail wp-image-12824\" alt=\"\" \/>\t\t\t\t\t\t\t\t<\/a>\n\t\t\t\t\t\t\t\t\t\t\t\t\t\t\t<\/div>\n\t\t\t\t<\/div>\n\t\t\t\t\t<\/div>\n\t\t<\/div>\n\t\t\t\t<div class=\"elementor-column elementor-col-25 elementor-top-column elementor-element elementor-element-c67d8fd\" data-id=\"c67d8fd\" data-element_type=\"column\">\n\t\t\t<div class=\"elementor-widget-wrap elementor-element-populated\">\n\t\t\t\t\t\t\t\t<div class=\"elementor-element elementor-element-7b65ee2 elementor-widget elementor-widget-image\" data-id=\"7b65ee2\" data-element_type=\"widget\" data-widget_type=\"image.default\">\n\t\t\t\t<div class=\"elementor-widget-container\">\n\t\t\t\t\t\t\t\t\t\t\t\t\t\t\t\t<a href=\"#\" target=\"_blank\">\n\t\t\t\t\t\t\t<img loading=\"lazy\" decoding=\"async\" width=\"300\" height=\"152\" src=\"https:\/\/dihse.es\/wp-content\/uploads\/2025\/11\/logo-vector-caja-rural-de-zamora-1-300x152.jpg\" class=\"attachment-medium size-medium wp-image-11594\" alt=\"\" srcset=\"https:\/\/dihse.es\/wp-content\/uploads\/2025\/11\/logo-vector-caja-rural-de-zamora-1-300x152.jpg 300w, https:\/\/dihse.es\/wp-content\/uploads\/2025\/11\/logo-vector-caja-rural-de-zamora-1.jpg 630w\" sizes=\"(max-width: 300px) 100vw, 300px\" \/>\t\t\t\t\t\t\t\t<\/a>\n\t\t\t\t\t\t\t\t\t\t\t\t\t\t\t<\/div>\n\t\t\t\t<\/div>\n\t\t\t\t\t<\/div>\n\t\t<\/div>\n\t\t\t\t<div class=\"elementor-column elementor-col-25 elementor-top-column elementor-element elementor-element-0762737\" data-id=\"0762737\" data-element_type=\"column\">\n\t\t\t<div class=\"elementor-widget-wrap elementor-element-populated\">\n\t\t\t\t\t\t\t\t<div class=\"elementor-element elementor-element-5ffba24 elementor-widget elementor-widget-image\" data-id=\"5ffba24\" data-element_type=\"widget\" data-widget_type=\"image.default\">\n\t\t\t\t<div class=\"elementor-widget-container\">\n\t\t\t\t\t\t\t\t\t\t\t\t\t\t\t\t<a href=\"#\" target=\"_blank\">\n\t\t\t\t\t\t\t<img loading=\"lazy\" decoding=\"async\" width=\"1024\" height=\"322\" src=\"https:\/\/dihse.es\/wp-content\/uploads\/2025\/11\/logo-Fundacio\u0301n-UBU-1024x322-1-1.jpg\" class=\"attachment-large size-large wp-image-12830\" alt=\"\" srcset=\"https:\/\/dihse.es\/wp-content\/uploads\/2025\/11\/logo-Fundacio\u0301n-UBU-1024x322-1-1.jpg 1024w, https:\/\/dihse.es\/wp-content\/uploads\/2025\/11\/logo-Fundacio\u0301n-UBU-1024x322-1-1-300x94.jpg 300w, https:\/\/dihse.es\/wp-content\/uploads\/2025\/11\/logo-Fundacio\u0301n-UBU-1024x322-1-1-768x242.jpg 768w\" sizes=\"(max-width: 1024px) 100vw, 1024px\" \/>\t\t\t\t\t\t\t\t<\/a>\n\t\t\t\t\t\t\t\t\t\t\t\t\t\t\t<\/div>\n\t\t\t\t<\/div>\n\t\t\t\t\t<\/div>\n\t\t<\/div>\n\t\t\t\t<div class=\"elementor-column elementor-col-25 elementor-top-column elementor-element elementor-element-4e511e2\" data-id=\"4e511e2\" data-element_type=\"column\">\n\t\t\t<div class=\"elementor-widget-wrap elementor-element-populated\">\n\t\t\t\t\t\t\t\t<div class=\"elementor-element elementor-element-1ac5de1 elementor-widget elementor-widget-image\" data-id=\"1ac5de1\" data-element_type=\"widget\" data-widget_type=\"image.default\">\n\t\t\t\t<div class=\"elementor-widget-container\">\n\t\t\t\t\t\t\t\t\t\t\t\t\t\t\t\t<a href=\"#\" target=\"_blank\">\n\t\t\t\t\t\t\t<img loading=\"lazy\" decoding=\"async\" width=\"150\" height=\"150\" src=\"https:\/\/dihse.es\/wp-content\/uploads\/2025\/11\/logo-territory-silver-economy-1-150x150.jpg\" class=\"attachment-thumbnail size-thumbnail wp-image-12836\" alt=\"\" \/>\t\t\t\t\t\t\t\t<\/a>\n\t\t\t\t\t\t\t\t\t\t\t\t\t\t\t<\/div>\n\t\t\t\t<\/div>\n\t\t\t\t\t<\/div>\n\t\t<\/div>\n\t\t\t\t\t\t\t<\/div>\n\t\t<\/section>\n\t\t\t\t\t\t\t<\/div>\n\t\t","protected":false},"excerpt":{"rendered":"<p>El 16 de junio de 2025, Benegiles acogi\u00f3 el taller sobre accesibilidad a la banca digital para la poblaci\u00f3n de [&hellip;]<\/p>\n","protected":false},"author":7,"featured_media":0,"parent":0,"menu_order":0,"comment_status":"closed","ping_status":"closed","template":"","meta":{"footnotes":""},"class_list":["post-12980","page","type-page","status-publish","hentry"],"_links":{"self":[{"href":"https:\/\/dihse.es\/es\/wp-json\/wp\/v2\/pages\/12980","targetHints":{"allow":["GET"]}}],"collection":[{"href":"https:\/\/dihse.es\/es\/wp-json\/wp\/v2\/pages"}],"about":[{"href":"https:\/\/dihse.es\/es\/wp-json\/wp\/v2\/types\/page"}],"author":[{"embeddable":true,"href":"https:\/\/dihse.es\/es\/wp-json\/wp\/v2\/users\/7"}],"replies":[{"embeddable":true,"href":"https:\/\/dihse.es\/es\/wp-json\/wp\/v2\/comments?post=12980"}],"version-history":[{"count":4,"href":"https:\/\/dihse.es\/es\/wp-json\/wp\/v2\/pages\/12980\/revisions"}],"predecessor-version":[{"id":12995,"href":"https:\/\/dihse.es\/es\/wp-json\/wp\/v2\/pages\/12980\/revisions\/12995"}],"wp:attachment":[{"href":"https:\/\/dihse.es\/es\/wp-json\/wp\/v2\/media?parent=12980"}],"curies":[{"name":"wp","href":"https:\/\/api.w.org\/{rel}","templated":true}]}}