{"id":13418,"date":"2025-11-26T05:06:54","date_gmt":"2025-11-26T05:06:54","guid":{"rendered":"https:\/\/dihse.es\/?page_id=13418"},"modified":"2025-12-05T09:01:34","modified_gmt":"2025-12-05T09:01:34","slug":"pre-evento-de-digital-innovation-hub-silver-economy","status":"publish","type":"page","link":"https:\/\/dihse.es\/es\/pre-evento-de-digital-innovation-hub-silver-economy\/","title":{"rendered":"Pre-Evento de Digital Innovation Hub Silver Economy"},"content":{"rendered":"\t\t<div data-elementor-type=\"wp-page\" data-elementor-id=\"13418\" class=\"elementor elementor-13418\" data-elementor-post-type=\"page\">\n\t\t\t\t\t\t\t<div class=\"elementor-element elementor-element-04eb0a4 e-flex e-con-boxed e-con e-parent\" data-id=\"04eb0a4\" data-element_type=\"container\" data-settings=\"{&quot;content_width&quot;:&quot;boxed&quot;}\" data-core-v316-plus=\"true\">\n\t\t\t\t\t<div class=\"e-con-inner\">\n\t\t\t\t<div class=\"elementor-element elementor-element-6833084 elementor-widget elementor-widget-heading\" data-id=\"6833084\" data-element_type=\"widget\" data-widget_type=\"heading.default\">\n\t\t\t\t<div class=\"elementor-widget-container\">\n\t\t\t<style>\/*! elementor - v3.18.0 - 20-12-2023 *\/\n.elementor-heading-title{padding:0;margin:0;line-height:1}.elementor-widget-heading .elementor-heading-title[class*=elementor-size-]>a{color:inherit;font-size:inherit;line-height:inherit}.elementor-widget-heading .elementor-heading-title.elementor-size-small{font-size:15px}.elementor-widget-heading .elementor-heading-title.elementor-size-medium{font-size:19px}.elementor-widget-heading .elementor-heading-title.elementor-size-large{font-size:29px}.elementor-widget-heading .elementor-heading-title.elementor-size-xl{font-size:39px}.elementor-widget-heading .elementor-heading-title.elementor-size-xxl{font-size:59px}<\/style><h6 class=\"elementor-heading-title elementor-size-default\">El d\u00eda <strong data-start=\"168\" data-end=\"195\">20 de noviembre de 2025<\/strong>, en el Brigantia EcoPark (Bragan\u00e7a) se celebr\u00f3 el <strong data-start=\"246\" data-end=\"307\">pre-evento del VII Congresso Internacional Silver Economy<\/strong><\/h6>\t\t<\/div>\n\t\t\t\t<\/div>\n\t\t\t\t\t<\/div>\n\t\t\t\t<\/div>\n\t\t<div class=\"elementor-element elementor-element-549fb70 e-flex e-con-boxed e-con e-parent\" data-id=\"549fb70\" data-element_type=\"container\" data-settings=\"{&quot;content_width&quot;:&quot;boxed&quot;}\" data-core-v316-plus=\"true\">\n\t\t\t\t\t<div class=\"e-con-inner\">\n\t\t<div class=\"elementor-element elementor-element-597f229 e-con-full e-flex e-con e-child\" data-id=\"597f229\" data-element_type=\"container\" data-settings=\"{&quot;content_width&quot;:&quot;full&quot;}\">\n\t\t\t\t<div class=\"elementor-element elementor-element-5cd7412 elementor-widget__width-initial elementor-widget elementor-widget-image\" data-id=\"5cd7412\" data-element_type=\"widget\" data-widget_type=\"image.default\">\n\t\t\t\t<div class=\"elementor-widget-container\">\n\t\t\t<style>\/*! elementor - v3.18.0 - 20-12-2023 *\/\n.elementor-widget-image{text-align:center}.elementor-widget-image a{display:inline-block}.elementor-widget-image a img[src$=\".svg\"]{width:48px}.elementor-widget-image img{vertical-align:middle;display:inline-block}<\/style>\t\t\t\t\t\t\t\t\t\t\t\t<img fetchpriority=\"high\" decoding=\"async\" width=\"1024\" height=\"683\" src=\"https:\/\/dihse.es\/wp-content\/uploads\/2025\/11\/Braganc\u0327a-recebeu-1-1024x683.jpeg\" class=\"attachment-large size-large wp-image-13316\" alt=\"\" srcset=\"https:\/\/dihse.es\/wp-content\/uploads\/2025\/11\/Braganc\u0327a-recebeu-1-1024x683.jpeg 1024w, https:\/\/dihse.es\/wp-content\/uploads\/2025\/11\/Braganc\u0327a-recebeu-1-300x200.jpeg 300w, https:\/\/dihse.es\/wp-content\/uploads\/2025\/11\/Braganc\u0327a-recebeu-1-768x512.jpeg 768w, https:\/\/dihse.es\/wp-content\/uploads\/2025\/11\/Braganc\u0327a-recebeu-1-1536x1024.jpeg 1536w, https:\/\/dihse.es\/wp-content\/uploads\/2025\/11\/Braganc\u0327a-recebeu-1.jpeg 1920w\" sizes=\"(max-width: 1024px) 100vw, 1024px\" \/>\t\t\t\t\t\t\t\t\t\t\t\t\t\t\t<\/div>\n\t\t\t\t<\/div>\n\t\t\t\t<div class=\"elementor-element elementor-element-1bfa1d8 elementor-widget elementor-widget-text-editor\" data-id=\"1bfa1d8\" data-element_type=\"widget\" data-widget_type=\"text-editor.default\">\n\t\t\t\t<div class=\"elementor-widget-container\">\n\t\t\t<style>\/*! elementor - v3.18.0 - 20-12-2023 *\/\n.elementor-widget-text-editor.elementor-drop-cap-view-stacked .elementor-drop-cap{background-color:#69727d;color:#fff}.elementor-widget-text-editor.elementor-drop-cap-view-framed .elementor-drop-cap{color:#69727d;border:3px solid;background-color:transparent}.elementor-widget-text-editor:not(.elementor-drop-cap-view-default) .elementor-drop-cap{margin-top:8px}.elementor-widget-text-editor:not(.elementor-drop-cap-view-default) .elementor-drop-cap-letter{width:1em;height:1em}.elementor-widget-text-editor .elementor-drop-cap{float:left;text-align:center;line-height:1;font-size:50px}.elementor-widget-text-editor .elementor-drop-cap-letter{display:inline-block}<\/style>\t\t\t\t<p><em><span style=\"color: #212529; font-family: Roboto, Raleway, Arial, sans-serif; font-size: 14.6667px;\">Foto: CM Bragan\u00e7a<\/span><\/em><\/p>\t\t\t\t\t\t<\/div>\n\t\t\t\t<\/div>\n\t\t\t\t<div class=\"elementor-element elementor-element-0e877a4 elementor-widget elementor-widget-spacer\" data-id=\"0e877a4\" data-element_type=\"widget\" data-widget_type=\"spacer.default\">\n\t\t\t\t<div class=\"elementor-widget-container\">\n\t\t\t<style>\/*! elementor - v3.18.0 - 20-12-2023 *\/\n.elementor-column .elementor-spacer-inner{height:var(--spacer-size)}.e-con{--container-widget-width:100%}.e-con-inner>.elementor-widget-spacer,.e-con>.elementor-widget-spacer{width:var(--container-widget-width,var(--spacer-size));--align-self:var(--container-widget-align-self,initial);--flex-shrink:0}.e-con-inner>.elementor-widget-spacer>.elementor-widget-container,.e-con>.elementor-widget-spacer>.elementor-widget-container{height:100%;width:100%}.e-con-inner>.elementor-widget-spacer>.elementor-widget-container>.elementor-spacer,.e-con>.elementor-widget-spacer>.elementor-widget-container>.elementor-spacer{height:100%}.e-con-inner>.elementor-widget-spacer>.elementor-widget-container>.elementor-spacer>.elementor-spacer-inner,.e-con>.elementor-widget-spacer>.elementor-widget-container>.elementor-spacer>.elementor-spacer-inner{height:var(--container-widget-height,var(--spacer-size))}.e-con-inner>.elementor-widget-spacer.elementor-widget-empty,.e-con>.elementor-widget-spacer.elementor-widget-empty{position:relative;min-height:22px;min-width:22px}.e-con-inner>.elementor-widget-spacer.elementor-widget-empty .elementor-widget-empty-icon,.e-con>.elementor-widget-spacer.elementor-widget-empty .elementor-widget-empty-icon{position:absolute;top:0;bottom:0;left:0;right:0;margin:auto;padding:0;width:22px;height:22px}<\/style>\t\t<div class=\"elementor-spacer\">\n\t\t\t<div class=\"elementor-spacer-inner\"><\/div>\n\t\t<\/div>\n\t\t\t\t<\/div>\n\t\t\t\t<\/div>\n\t\t\t\t<div class=\"elementor-element elementor-element-99f258a elementor-widget elementor-widget-image\" data-id=\"99f258a\" data-element_type=\"widget\" data-widget_type=\"image.default\">\n\t\t\t\t<div class=\"elementor-widget-container\">\n\t\t\t\t\t\t\t\t\t\t\t\t\t\t\t<img decoding=\"async\" width=\"1024\" height=\"683\" src=\"https:\/\/dihse.es\/wp-content\/uploads\/2025\/11\/IMG_7146-1-1024x683.jpg\" class=\"attachment-large size-large wp-image-13436\" alt=\"\" srcset=\"https:\/\/dihse.es\/wp-content\/uploads\/2025\/11\/IMG_7146-1-1024x683.jpg 1024w, https:\/\/dihse.es\/wp-content\/uploads\/2025\/11\/IMG_7146-1-300x200.jpg 300w, https:\/\/dihse.es\/wp-content\/uploads\/2025\/11\/IMG_7146-1-768x512.jpg 768w, https:\/\/dihse.es\/wp-content\/uploads\/2025\/11\/IMG_7146-1.jpg 1068w\" sizes=\"(max-width: 1024px) 100vw, 1024px\" \/>\t\t\t\t\t\t\t\t\t\t\t\t\t\t\t<\/div>\n\t\t\t\t<\/div>\n\t\t\t\t<div class=\"elementor-element elementor-element-bdf2d81 elementor-widget elementor-widget-text-editor\" data-id=\"bdf2d81\" data-element_type=\"widget\" data-widget_type=\"text-editor.default\">\n\t\t\t\t<div class=\"elementor-widget-container\">\n\t\t\t\t\t\t\t<p><em>Foto: DR<\/em><\/p>\t\t\t\t\t\t<\/div>\n\t\t\t\t<\/div>\n\t\t\t\t<\/div>\n\t\t<div class=\"elementor-element elementor-element-d95e93a e-con-full e-flex e-con e-child\" data-id=\"d95e93a\" data-element_type=\"container\" data-settings=\"{&quot;content_width&quot;:&quot;full&quot;}\">\n\t\t<div class=\"elementor-element elementor-element-0f30691 e-flex e-con-boxed e-con e-child\" data-id=\"0f30691\" data-element_type=\"container\" data-settings=\"{&quot;content_width&quot;:&quot;boxed&quot;}\">\n\t\t\t\t\t<div class=\"e-con-inner\">\n\t\t\t\t<div class=\"elementor-element elementor-element-ed030c8 elementor-widget elementor-widget-text-editor\" data-id=\"ed030c8\" data-element_type=\"widget\" data-widget_type=\"text-editor.default\">\n\t\t\t\t<div class=\"elementor-widget-container\">\n\t\t\t\t\t\t\t<p data-start=\"211\" data-end=\"681\">Bragan\u00e7a fue sede del pre-evento del <strong>VII Congreso Internacional Silver Economy<\/strong>, una jornada dedicada a presentar <strong>iniciativas y soluciones tecnol\u00f3gicas<\/strong> vinculadas al envejecimiento activo. El encuentro, celebrado en el <strong>Brigantia EcoPark<\/strong>, reuni\u00f3 a representantes institucionales, empresas, investigadores y entidades que trabajan en el \u00e1mbito de la Silver Economy, con el objetivo de anticipar los contenidos del congreso que tendr\u00e1 lugar en Zamora a finales de noviembre.<\/p><p data-start=\"683\" data-end=\"1008\">La apertura cont\u00f3 con intervenciones de responsables del municipio y del Instituto Polit\u00e9cnico de Bragan\u00e7a, quienes destacaron la relevancia de <strong>incorporar la innovaci\u00f3n digital en servicios dirigidos a personas mayores<\/strong>. Tambi\u00e9n se ofreci\u00f3 un adelanto del programa del pr\u00f3ximo congreso, a cargo de Ana Isabel S\u00e1nchez Iglesias.<\/p><p data-start=\"1010\" data-end=\"1380\">La <strong>Feria de Innovaci\u00f3n<\/strong> ocup\u00f3 un lugar central en la jornada. En ella se presentaron proyectos tecnol\u00f3gicos orientados a la <strong>monitorizaci\u00f3n de la salud, la teleasistencia, la autonom\u00eda personal y el apoyo a profesionales de los cuidados.<\/strong> Las demostraciones permitieron observar distintas aplicaciones pr\u00e1cticas y modelos de trabajo que se est\u00e1n desarrollando en la regi\u00f3n.<\/p><p data-start=\"1382\" data-end=\"1734\">El evento subray\u00f3 la importancia de apoyar la <strong>transformaci\u00f3n digital de pymes, instituciones y entidades sociales<\/strong> que act\u00faan en el \u00e1mbito de la longevidad. Asimismo, se destac\u00f3 el papel de la colaboraci\u00f3n transfronteriza entre Portugal y Espa\u00f1a como motor para impulsar nuevos proyectos y generar soluciones adaptadas a los retos demogr\u00e1ficos actuales.<\/p><p data-start=\"1736\" data-end=\"2017\">Con este pre-evento, el Digital Innovation Hub Silver Economy (DIH_SE) refuerza su funci\u00f3n como espacio de conexi\u00f3n entre tecnolog\u00eda, investigaci\u00f3n y servicios, y prepara el terreno para el congreso internacional que ampliar\u00e1 estos debates y presentaciones en las pr\u00f3ximas semanas.<\/p>\t\t\t\t\t\t<\/div>\n\t\t\t\t<\/div>\n\t\t\t\t\t<\/div>\n\t\t\t\t<\/div>\n\t\t\t\t<\/div>\n\t\t\t\t\t<\/div>\n\t\t\t\t<\/div>\n\t\t<div class=\"elementor-element elementor-element-d9e2f3c e-flex e-con-boxed e-con e-parent\" data-id=\"d9e2f3c\" data-element_type=\"container\" data-settings=\"{&quot;content_width&quot;:&quot;boxed&quot;}\" data-core-v316-plus=\"true\">\n\t\t\t\t\t<div class=\"e-con-inner\">\n\t\t\t\t<div class=\"elementor-element elementor-element-5bf08c0 elementor-align-center elementor-widget elementor-widget-button\" data-id=\"5bf08c0\" data-element_type=\"widget\" data-widget_type=\"button.default\">\n\t\t\t\t<div class=\"elementor-widget-container\">\n\t\t\t\t\t<div class=\"elementor-button-wrapper\">\n\t\t\t<a class=\"elementor-button elementor-button-link elementor-size-sm\" href=\"https:\/\/dihse.es\/eventos\/\">\n\t\t\t\t\t\t<span class=\"elementor-button-content-wrapper\">\n\t\t\t\t\t\t<span class=\"elementor-button-text\">VOLTAR A EVENTOS<\/span>\n\t\t<\/span>\n\t\t\t\t\t<\/a>\n\t\t<\/div>\n\t\t\t\t<\/div>\n\t\t\t\t<\/div>\n\t\t\t\t\t<\/div>\n\t\t\t\t<\/div>\n\t\t\t\t<section class=\"elementor-section elementor-top-section elementor-element elementor-element-2ab5f9d elementor-section-content-middle elementor-section-boxed elementor-section-height-default elementor-section-height-default\" data-id=\"2ab5f9d\" data-element_type=\"section\">\n\t\t\t\t\t\t<div class=\"elementor-container elementor-column-gap-default\">\n\t\t\t\t\t<div class=\"elementor-column elementor-col-25 elementor-top-column elementor-element elementor-element-5584477\" data-id=\"5584477\" data-element_type=\"column\">\n\t\t\t<div class=\"elementor-widget-wrap elementor-element-populated\">\n\t\t\t\t\t\t\t\t<div class=\"elementor-element elementor-element-598dd84 elementor-widget elementor-widget-image\" data-id=\"598dd84\" data-element_type=\"widget\" data-widget_type=\"image.default\">\n\t\t\t\t<div class=\"elementor-widget-container\">\n\t\t\t\t\t\t\t\t\t\t\t\t\t\t\t\t<a href=\"#\" target=\"_blank\">\n\t\t\t\t\t\t\t<img decoding=\"async\" width=\"768\" height=\"232\" src=\"https:\/\/dihse.es\/wp-content\/uploads\/2024\/11\/Interreg-Logo-Espana-Portugal-CMYK-Color-03-768x232.jpg\" class=\"attachment-medium_large size-medium_large wp-image-3637\" alt=\"\" srcset=\"https:\/\/dihse.es\/wp-content\/uploads\/2024\/11\/Interreg-Logo-Espana-Portugal-CMYK-Color-03-768x232.jpg 768w, https:\/\/dihse.es\/wp-content\/uploads\/2024\/11\/Interreg-Logo-Espana-Portugal-CMYK-Color-03-300x90.jpg 300w, https:\/\/dihse.es\/wp-content\/uploads\/2024\/11\/Interreg-Logo-Espana-Portugal-CMYK-Color-03-1024x309.jpg 1024w, https:\/\/dihse.es\/wp-content\/uploads\/2024\/11\/Interreg-Logo-Espana-Portugal-CMYK-Color-03-1536x463.jpg 1536w, https:\/\/dihse.es\/wp-content\/uploads\/2024\/11\/Interreg-Logo-Espana-Portugal-CMYK-Color-03.jpg 1903w\" sizes=\"(max-width: 768px) 100vw, 768px\" \/>\t\t\t\t\t\t\t\t<\/a>\n\t\t\t\t\t\t\t\t\t\t\t\t\t\t\t<\/div>\n\t\t\t\t<\/div>\n\t\t\t\t\t<\/div>\n\t\t<\/div>\n\t\t\t\t<div class=\"elementor-column elementor-col-25 elementor-top-column elementor-element elementor-element-4cbeb68\" data-id=\"4cbeb68\" data-element_type=\"column\">\n\t\t\t<div class=\"elementor-widget-wrap elementor-element-populated\">\n\t\t\t\t\t\t\t\t<div class=\"elementor-element elementor-element-ebe655f elementor-widget elementor-widget-image\" data-id=\"ebe655f\" data-element_type=\"widget\" data-widget_type=\"image.default\">\n\t\t\t\t<div class=\"elementor-widget-container\">\n\t\t\t\t\t\t\t\t\t\t\t\t\t\t\t\t<a href=\"#\" target=\"_blank\">\n\t\t\t\t\t\t\t<img loading=\"lazy\" decoding=\"async\" width=\"300\" height=\"136\" src=\"https:\/\/dihse.es\/wp-content\/uploads\/2024\/11\/Diputacion-Zamora-Logo-2020-2H-color-1-300x136.png\" class=\"attachment-medium size-medium wp-image-3646\" alt=\"\" srcset=\"https:\/\/dihse.es\/wp-content\/uploads\/2024\/11\/Diputacion-Zamora-Logo-2020-2H-color-1-300x136.png 300w, https:\/\/dihse.es\/wp-content\/uploads\/2024\/11\/Diputacion-Zamora-Logo-2020-2H-color-1-1024x464.png 1024w, https:\/\/dihse.es\/wp-content\/uploads\/2024\/11\/Diputacion-Zamora-Logo-2020-2H-color-1-768x348.png 768w, https:\/\/dihse.es\/wp-content\/uploads\/2024\/11\/Diputacion-Zamora-Logo-2020-2H-color-1-1536x696.png 1536w, https:\/\/dihse.es\/wp-content\/uploads\/2024\/11\/Diputacion-Zamora-Logo-2020-2H-color-1.png 1982w\" sizes=\"(max-width: 300px) 100vw, 300px\" \/>\t\t\t\t\t\t\t\t<\/a>\n\t\t\t\t\t\t\t\t\t\t\t\t\t\t\t<\/div>\n\t\t\t\t<\/div>\n\t\t\t\t\t<\/div>\n\t\t<\/div>\n\t\t\t\t<div class=\"elementor-column elementor-col-25 elementor-top-column elementor-element elementor-element-ccd29ed\" data-id=\"ccd29ed\" data-element_type=\"column\">\n\t\t\t<div class=\"elementor-widget-wrap elementor-element-populated\">\n\t\t\t\t\t\t\t\t<div class=\"elementor-element elementor-element-3445b42 elementor-widget elementor-widget-image\" data-id=\"3445b42\" data-element_type=\"widget\" data-widget_type=\"image.default\">\n\t\t\t\t<div class=\"elementor-widget-container\">\n\t\t\t\t\t\t\t\t\t\t\t\t\t\t\t\t<a href=\"#\" target=\"_blank\">\n\t\t\t\t\t\t\t<img loading=\"lazy\" decoding=\"async\" width=\"190\" height=\"67\" src=\"https:\/\/dihse.es\/wp-content\/uploads\/2024\/11\/logo.png\" class=\"attachment-medium size-medium wp-image-3655\" alt=\"\" \/>\t\t\t\t\t\t\t\t<\/a>\n\t\t\t\t\t\t\t\t\t\t\t\t\t\t\t<\/div>\n\t\t\t\t<\/div>\n\t\t\t\t\t<\/div>\n\t\t<\/div>\n\t\t\t\t<div class=\"elementor-column elementor-col-25 elementor-top-column elementor-element elementor-element-44f38f7\" data-id=\"44f38f7\" data-element_type=\"column\">\n\t\t\t<div class=\"elementor-widget-wrap elementor-element-populated\">\n\t\t\t\t\t\t\t\t<div class=\"elementor-element elementor-element-3ab1429 elementor-widget elementor-widget-image\" data-id=\"3ab1429\" data-element_type=\"widget\" data-widget_type=\"image.default\">\n\t\t\t\t<div class=\"elementor-widget-container\">\n\t\t\t\t\t\t\t\t\t\t\t\t\t\t\t\t<a href=\"#\" target=\"_blank\">\n\t\t\t\t\t\t\t<img loading=\"lazy\" decoding=\"async\" width=\"300\" height=\"123\" src=\"https:\/\/dihse.es\/wp-content\/uploads\/2024\/11\/Marca_Bragan_a_Assinatura_Complementar-300x123.jpg\" class=\"attachment-medium size-medium wp-image-3664\" alt=\"\" srcset=\"https:\/\/dihse.es\/wp-content\/uploads\/2024\/11\/Marca_Bragan_a_Assinatura_Complementar-300x123.jpg 300w, https:\/\/dihse.es\/wp-content\/uploads\/2024\/11\/Marca_Bragan_a_Assinatura_Complementar-1024x420.jpg 1024w, https:\/\/dihse.es\/wp-content\/uploads\/2024\/11\/Marca_Bragan_a_Assinatura_Complementar-768x315.jpg 768w, https:\/\/dihse.es\/wp-content\/uploads\/2024\/11\/Marca_Bragan_a_Assinatura_Complementar.jpg 1182w\" sizes=\"(max-width: 300px) 100vw, 300px\" \/>\t\t\t\t\t\t\t\t<\/a>\n\t\t\t\t\t\t\t\t\t\t\t\t\t\t\t<\/div>\n\t\t\t\t<\/div>\n\t\t\t\t\t<\/div>\n\t\t<\/div>\n\t\t\t\t\t\t\t<\/div>\n\t\t<\/section>\n\t\t\t\t<section class=\"elementor-section elementor-top-section elementor-element elementor-element-e1a0b95 elementor-section-content-middle elementor-section-boxed elementor-section-height-default elementor-section-height-default\" data-id=\"e1a0b95\" data-element_type=\"section\">\n\t\t\t\t\t\t<div class=\"elementor-container elementor-column-gap-default\">\n\t\t\t\t\t<div class=\"elementor-column elementor-col-25 elementor-top-column elementor-element elementor-element-feb370d\" data-id=\"feb370d\" data-element_type=\"column\">\n\t\t\t<div class=\"elementor-widget-wrap elementor-element-populated\">\n\t\t\t\t\t\t\t\t<div class=\"elementor-element elementor-element-34fb385 elementor-widget elementor-widget-image\" data-id=\"34fb385\" data-element_type=\"widget\" data-widget_type=\"image.default\">\n\t\t\t\t<div class=\"elementor-widget-container\">\n\t\t\t\t\t\t\t\t\t\t\t\t\t\t\t\t<a href=\"#\" target=\"_blank\">\n\t\t\t\t\t\t\t<img loading=\"lazy\" decoding=\"async\" width=\"150\" height=\"150\" src=\"https:\/\/dihse.es\/wp-content\/uploads\/2024\/11\/Logo-CIM-5-05-1-1-150x150.png\" class=\"attachment-thumbnail size-thumbnail wp-image-3673\" alt=\"\" \/>\t\t\t\t\t\t\t\t<\/a>\n\t\t\t\t\t\t\t\t\t\t\t\t\t\t\t<\/div>\n\t\t\t\t<\/div>\n\t\t\t\t\t<\/div>\n\t\t<\/div>\n\t\t\t\t<div class=\"elementor-column elementor-col-25 elementor-top-column elementor-element elementor-element-0e03af8\" data-id=\"0e03af8\" data-element_type=\"column\">\n\t\t\t<div class=\"elementor-widget-wrap elementor-element-populated\">\n\t\t\t\t\t\t\t\t<div class=\"elementor-element elementor-element-a1b46b3 elementor-widget elementor-widget-image\" data-id=\"a1b46b3\" data-element_type=\"widget\" data-widget_type=\"image.default\">\n\t\t\t\t<div class=\"elementor-widget-container\">\n\t\t\t\t\t\t\t\t\t\t\t\t\t\t\t\t<a href=\"#\" target=\"_blank\">\n\t\t\t\t\t\t\t<img loading=\"lazy\" decoding=\"async\" width=\"300\" height=\"152\" src=\"https:\/\/dihse.es\/wp-content\/uploads\/2024\/11\/logo-vector-caja-rural-de-zamora-1-300x152.jpg\" class=\"attachment-medium size-medium wp-image-3682\" alt=\"\" srcset=\"https:\/\/dihse.es\/wp-content\/uploads\/2024\/11\/logo-vector-caja-rural-de-zamora-1-300x152.jpg 300w, https:\/\/dihse.es\/wp-content\/uploads\/2024\/11\/logo-vector-caja-rural-de-zamora-1.jpg 630w\" sizes=\"(max-width: 300px) 100vw, 300px\" \/>\t\t\t\t\t\t\t\t<\/a>\n\t\t\t\t\t\t\t\t\t\t\t\t\t\t\t<\/div>\n\t\t\t\t<\/div>\n\t\t\t\t\t<\/div>\n\t\t<\/div>\n\t\t\t\t<div class=\"elementor-column elementor-col-25 elementor-top-column elementor-element elementor-element-1c33164\" data-id=\"1c33164\" data-element_type=\"column\">\n\t\t\t<div class=\"elementor-widget-wrap elementor-element-populated\">\n\t\t\t\t\t\t\t\t<div class=\"elementor-element elementor-element-74ae38c elementor-widget elementor-widget-image\" data-id=\"74ae38c\" data-element_type=\"widget\" data-widget_type=\"image.default\">\n\t\t\t\t<div class=\"elementor-widget-container\">\n\t\t\t\t\t\t\t\t\t\t\t\t\t\t\t\t<a href=\"#\" target=\"_blank\">\n\t\t\t\t\t\t\t<img loading=\"lazy\" decoding=\"async\" width=\"1024\" height=\"322\" src=\"https:\/\/dihse.es\/wp-content\/uploads\/2024\/11\/logo-Fundacio\u0301n-UBU-1024x322-1-1.jpg\" class=\"attachment-large size-large wp-image-3691\" alt=\"\" srcset=\"https:\/\/dihse.es\/wp-content\/uploads\/2024\/11\/logo-Fundacio\u0301n-UBU-1024x322-1-1.jpg 1024w, https:\/\/dihse.es\/wp-content\/uploads\/2024\/11\/logo-Fundacio\u0301n-UBU-1024x322-1-1-300x94.jpg 300w, https:\/\/dihse.es\/wp-content\/uploads\/2024\/11\/logo-Fundacio\u0301n-UBU-1024x322-1-1-768x242.jpg 768w\" sizes=\"(max-width: 1024px) 100vw, 1024px\" \/>\t\t\t\t\t\t\t\t<\/a>\n\t\t\t\t\t\t\t\t\t\t\t\t\t\t\t<\/div>\n\t\t\t\t<\/div>\n\t\t\t\t\t<\/div>\n\t\t<\/div>\n\t\t\t\t<div class=\"elementor-column elementor-col-25 elementor-top-column elementor-element elementor-element-6d944e0\" data-id=\"6d944e0\" data-element_type=\"column\">\n\t\t\t<div class=\"elementor-widget-wrap elementor-element-populated\">\n\t\t\t\t\t\t\t\t<div class=\"elementor-element elementor-element-f219c5d elementor-widget elementor-widget-image\" data-id=\"f219c5d\" data-element_type=\"widget\" data-widget_type=\"image.default\">\n\t\t\t\t<div class=\"elementor-widget-container\">\n\t\t\t\t\t\t\t\t\t\t\t\t\t\t\t\t<a href=\"#\" target=\"_blank\">\n\t\t\t\t\t\t\t<img loading=\"lazy\" decoding=\"async\" width=\"150\" height=\"150\" src=\"https:\/\/dihse.es\/wp-content\/uploads\/2024\/11\/logo-territory-silver-economy-1-150x150.jpg\" class=\"attachment-thumbnail size-thumbnail wp-image-3700\" alt=\"\" \/>\t\t\t\t\t\t\t\t<\/a>\n\t\t\t\t\t\t\t\t\t\t\t\t\t\t\t<\/div>\n\t\t\t\t<\/div>\n\t\t\t\t\t<\/div>\n\t\t<\/div>\n\t\t\t\t\t\t\t<\/div>\n\t\t<\/section>\n\t\t\t\t\t\t\t<\/div>\n\t\t","protected":false},"excerpt":{"rendered":"<p>El d\u00eda 20 de noviembre de 2025, en el Brigantia EcoPark (Bragan\u00e7a) se celebr\u00f3 el pre-evento del VII Congresso Internacional [&hellip;]<\/p>\n","protected":false},"author":7,"featured_media":0,"parent":0,"menu_order":0,"comment_status":"closed","ping_status":"closed","template":"","meta":{"footnotes":""},"class_list":["post-13418","page","type-page","status-publish","hentry"],"_links":{"self":[{"href":"https:\/\/dihse.es\/es\/wp-json\/wp\/v2\/pages\/13418","targetHints":{"allow":["GET"]}}],"collection":[{"href":"https:\/\/dihse.es\/es\/wp-json\/wp\/v2\/pages"}],"about":[{"href":"https:\/\/dihse.es\/es\/wp-json\/wp\/v2\/types\/page"}],"author":[{"embeddable":true,"href":"https:\/\/dihse.es\/es\/wp-json\/wp\/v2\/users\/7"}],"replies":[{"embeddable":true,"href":"https:\/\/dihse.es\/es\/wp-json\/wp\/v2\/comments?post=13418"}],"version-history":[{"count":10,"href":"https:\/\/dihse.es\/es\/wp-json\/wp\/v2\/pages\/13418\/revisions"}],"predecessor-version":[{"id":13970,"href":"https:\/\/dihse.es\/es\/wp-json\/wp\/v2\/pages\/13418\/revisions\/13970"}],"wp:attachment":[{"href":"https:\/\/dihse.es\/es\/wp-json\/wp\/v2\/media?parent=13418"}],"curies":[{"name":"wp","href":"https:\/\/api.w.org\/{rel}","templated":true}]}}