{"id":13907,"date":"2025-11-24T09:38:32","date_gmt":"2025-11-24T09:38:32","guid":{"rendered":"https:\/\/dihse.es\/?page_id=13907"},"modified":"2025-12-05T08:33:59","modified_gmt":"2025-12-05T08:33:59","slug":"workshop-o-papel-da-silver-economy-no-futuro-sustentavel-das-empresas-alfandega-da-fe","status":"publish","type":"page","link":"https:\/\/dihse.es\/es\/workshop-o-papel-da-silver-economy-no-futuro-sustentavel-das-empresas-alfandega-da-fe\/","title":{"rendered":"Workshop El papel de la Silver Economy en el futuro sostenible de las empresas &#8211; Alf\u00e2ndega da F\u00e9"},"content":{"rendered":"\t\t<div data-elementor-type=\"wp-page\" data-elementor-id=\"13907\" class=\"elementor elementor-13907 elementor-13169\" data-elementor-post-type=\"page\">\n\t\t\t\t\t\t\t<div class=\"elementor-element elementor-element-3fd5d4d e-flex e-con-boxed e-con e-parent\" data-id=\"3fd5d4d\" data-element_type=\"container\" data-settings=\"{&quot;content_width&quot;:&quot;boxed&quot;}\" data-core-v316-plus=\"true\">\n\t\t\t\t\t<div class=\"e-con-inner\">\n\t\t\t\t\t<\/div>\n\t\t\t\t<\/div>\n\t\t<div class=\"elementor-element elementor-element-519ccce e-flex e-con-boxed e-con e-parent\" data-id=\"519ccce\" data-element_type=\"container\" data-settings=\"{&quot;content_width&quot;:&quot;boxed&quot;}\" data-core-v316-plus=\"true\">\n\t\t\t\t\t<div class=\"e-con-inner\">\n\t\t<div class=\"elementor-element elementor-element-a14599d e-con-full e-flex e-con e-child\" data-id=\"a14599d\" data-element_type=\"container\" data-settings=\"{&quot;content_width&quot;:&quot;full&quot;}\">\n\t\t\t\t<div class=\"elementor-element elementor-element-1ef989e elementor-widget elementor-widget-text-editor\" data-id=\"1ef989e\" data-element_type=\"widget\" data-widget_type=\"text-editor.default\">\n\t\t\t\t<div class=\"elementor-widget-container\">\n\t\t\t<style>\/*! elementor - v3.18.0 - 20-12-2023 *\/\n.elementor-widget-text-editor.elementor-drop-cap-view-stacked .elementor-drop-cap{background-color:#69727d;color:#fff}.elementor-widget-text-editor.elementor-drop-cap-view-framed .elementor-drop-cap{color:#69727d;border:3px solid;background-color:transparent}.elementor-widget-text-editor:not(.elementor-drop-cap-view-default) .elementor-drop-cap{margin-top:8px}.elementor-widget-text-editor:not(.elementor-drop-cap-view-default) .elementor-drop-cap-letter{width:1em;height:1em}.elementor-widget-text-editor .elementor-drop-cap{float:left;text-align:center;line-height:1;font-size:50px}.elementor-widget-text-editor .elementor-drop-cap-letter{display:inline-block}<\/style>\t\t\t\t<p>Los d\u00edas 19 y 20 de diciembre de 2024, el Digital Innovation Hub organiz\u00f3 en Alf\u00e2ndega da F\u00e9 el taller<br \/>\u00abODS: El papel de la econom\u00eda plateada en el futuro sostenible de las empresas\u00bb.<\/p><p>La sesi\u00f3n cont\u00f3 con la presencia de expertos y miembros de la comunidad local, que debatieron sobre la contribuci\u00f3n de la econom\u00eda plateada al crecimiento sostenible de las empresas y a la alineaci\u00f3n con los Objetivos de Desarrollo Sostenible (ODS). El evento incluy\u00f3 presentaciones tem\u00e1ticas, reflexi\u00f3n conjunta y momentos de interacci\u00f3n entre los participantes.<\/p><p>El taller fue retransmitido en directo por R\u00e1dio Brigantia, lo que ampli\u00f3 su alcance y permiti\u00f3 que un p\u00fablico m\u00e1s amplio pudiera seguir el evento.<\/p>\t\t\t\t\t\t<\/div>\n\t\t\t\t<\/div>\n\t\t\t\t<\/div>\n\t\t<div class=\"elementor-element elementor-element-f2273a0 e-con-full e-flex e-con e-child\" data-id=\"f2273a0\" data-element_type=\"container\" data-settings=\"{&quot;content_width&quot;:&quot;full&quot;}\">\n\t\t\t\t<div class=\"elementor-element elementor-element-491fbe4 elementor-widget elementor-widget-image\" data-id=\"491fbe4\" data-element_type=\"widget\" data-widget_type=\"image.default\">\n\t\t\t\t<div class=\"elementor-widget-container\">\n\t\t\t<style>\/*! elementor - v3.18.0 - 20-12-2023 *\/\n.elementor-widget-image{text-align:center}.elementor-widget-image a{display:inline-block}.elementor-widget-image a img[src$=\".svg\"]{width:48px}.elementor-widget-image img{vertical-align:middle;display:inline-block}<\/style>\t\t\t\t\t\t\t\t\t\t\t\t<img fetchpriority=\"high\" decoding=\"async\" width=\"283\" height=\"632\" src=\"https:\/\/dihse.es\/wp-content\/uploads\/2025\/11\/4893d5a0-f2ed-444c-824f-4f0adc5a81a5-1.png\" class=\"attachment-large size-large wp-image-13088\" alt=\"\" srcset=\"https:\/\/dihse.es\/wp-content\/uploads\/2025\/11\/4893d5a0-f2ed-444c-824f-4f0adc5a81a5-1.png 283w, https:\/\/dihse.es\/wp-content\/uploads\/2025\/11\/4893d5a0-f2ed-444c-824f-4f0adc5a81a5-1-134x300.png 134w\" sizes=\"(max-width: 283px) 100vw, 283px\" \/>\t\t\t\t\t\t\t\t\t\t\t\t\t\t\t<\/div>\n\t\t\t\t<\/div>\n\t\t\t\t<\/div>\n\t\t\t\t\t<\/div>\n\t\t\t\t<\/div>\n\t\t<div class=\"elementor-element elementor-element-b74854b e-flex e-con-boxed e-con e-parent\" data-id=\"b74854b\" data-element_type=\"container\" data-settings=\"{&quot;content_width&quot;:&quot;boxed&quot;}\" data-core-v316-plus=\"true\">\n\t\t\t\t\t<div class=\"e-con-inner\">\n\t\t\t\t<div class=\"elementor-element elementor-element-2d5ce68 elementor-widget elementor-widget-image-gallery\" data-id=\"2d5ce68\" data-element_type=\"widget\" data-widget_type=\"image-gallery.default\">\n\t\t\t\t<div class=\"elementor-widget-container\">\n\t\t\t<style>\/*! elementor - v3.18.0 - 20-12-2023 *\/\n.elementor-image-gallery .gallery-item{display:inline-block;text-align:center;vertical-align:top;width:100%;max-width:100%;margin:0 auto}.elementor-image-gallery .gallery-item img{margin:0 auto}.elementor-image-gallery .gallery-item .gallery-caption{margin:0}.elementor-image-gallery figure img{display:block}.elementor-image-gallery figure figcaption{width:100%}.gallery-spacing-custom .elementor-image-gallery .gallery-icon{padding:0}@media (min-width:768px){.elementor-image-gallery .gallery-columns-2 .gallery-item{max-width:50%}.elementor-image-gallery .gallery-columns-3 .gallery-item{max-width:33.33%}.elementor-image-gallery .gallery-columns-4 .gallery-item{max-width:25%}.elementor-image-gallery .gallery-columns-5 .gallery-item{max-width:20%}.elementor-image-gallery .gallery-columns-6 .gallery-item{max-width:16.666%}.elementor-image-gallery .gallery-columns-7 .gallery-item{max-width:14.28%}.elementor-image-gallery .gallery-columns-8 .gallery-item{max-width:12.5%}.elementor-image-gallery .gallery-columns-9 .gallery-item{max-width:11.11%}.elementor-image-gallery .gallery-columns-10 .gallery-item{max-width:10%}}@media (min-width:480px) and (max-width:767px){.elementor-image-gallery .gallery.gallery-columns-2 .gallery-item,.elementor-image-gallery .gallery.gallery-columns-3 .gallery-item,.elementor-image-gallery .gallery.gallery-columns-4 .gallery-item,.elementor-image-gallery .gallery.gallery-columns-5 .gallery-item,.elementor-image-gallery .gallery.gallery-columns-6 .gallery-item,.elementor-image-gallery .gallery.gallery-columns-7 .gallery-item,.elementor-image-gallery .gallery.gallery-columns-8 .gallery-item,.elementor-image-gallery .gallery.gallery-columns-9 .gallery-item,.elementor-image-gallery .gallery.gallery-columns-10 .gallery-item{max-width:50%}}@media (max-width:479px){.elementor-image-gallery .gallery.gallery-columns-2 .gallery-item,.elementor-image-gallery .gallery.gallery-columns-3 .gallery-item,.elementor-image-gallery .gallery.gallery-columns-4 .gallery-item,.elementor-image-gallery .gallery.gallery-columns-5 .gallery-item,.elementor-image-gallery .gallery.gallery-columns-6 .gallery-item,.elementor-image-gallery .gallery.gallery-columns-7 .gallery-item,.elementor-image-gallery .gallery.gallery-columns-8 .gallery-item,.elementor-image-gallery .gallery.gallery-columns-9 .gallery-item,.elementor-image-gallery .gallery.gallery-columns-10 .gallery-item{max-width:100%}}<\/style>\t\t<div class=\"elementor-image-gallery\">\n\t\t\t\n\t\t<style type=\"text\/css\">\n\t\t\t#gallery-1 {\n\t\t\t\tmargin: auto;\n\t\t\t}\n\t\t\t#gallery-1 .gallery-item {\n\t\t\t\tfloat: left;\n\t\t\t\tmargin-top: 10px;\n\t\t\t\ttext-align: center;\n\t\t\t\twidth: 25%;\n\t\t\t}\n\t\t\t#gallery-1 img {\n\t\t\t\tborder: 2px solid #cfcfcf;\n\t\t\t}\n\t\t\t#gallery-1 .gallery-caption {\n\t\t\t\tmargin-left: 0;\n\t\t\t}\n\t\t\t\/* see gallery_shortcode() in wp-includes\/media.php *\/\n\t\t<\/style>\n\t\t<div id='gallery-1' class='gallery galleryid-13907 gallery-columns-4 gallery-size-thumbnail'><dl class='gallery-item'>\n\t\t\t<dt class='gallery-icon landscape'>\n\t\t\t\t<a data-elementor-open-lightbox=\"yes\" data-elementor-lightbox-slideshow=\"2d5ce68\" data-elementor-lightbox-title=\"IMG-20241220-WA0009-scaled-300x200\" data-e-action-hash=\"#elementor-action%3Aaction%3Dlightbox%26settings%3DeyJpZCI6MTMxODEsInVybCI6Imh0dHBzOlwvXC9kaWhzZS5lc1wvd3AtY29udGVudFwvdXBsb2Fkc1wvMjAyNVwvMTFcL0lNRy0yMDI0MTIyMC1XQTAwMDktc2NhbGVkLTMwMHgyMDAtMS5qcGciLCJzbGlkZXNob3ciOiIyZDVjZTY4In0%3D\" href='https:\/\/dihse.es\/wp-content\/uploads\/2025\/11\/IMG-20241220-WA0009-scaled-300x200-1.jpg'><img decoding=\"async\" width=\"150\" height=\"150\" src=\"https:\/\/dihse.es\/wp-content\/uploads\/2025\/11\/IMG-20241220-WA0009-scaled-300x200-1-150x150.jpg\" class=\"attachment-thumbnail size-thumbnail\" alt=\"\" aria-describedby=\"gallery-1-13181\" \/><\/a>\n\t\t\t<\/dt>\n\t\t\t\t<dd class='wp-caption-text gallery-caption' id='gallery-1-13181'>\n\t\t\t\tWorkshop O papel da Silver Economy no Futuro Sustent\u00e1vel das Empresas\n\t\t\t\t<\/dd><\/dl><dl class='gallery-item'>\n\t\t\t<dt class='gallery-icon landscape'>\n\t\t\t\t<a data-elementor-open-lightbox=\"yes\" data-elementor-lightbox-slideshow=\"2d5ce68\" data-elementor-lightbox-title=\"IMG-20241220-WA0011-scaled-300x200\" data-e-action-hash=\"#elementor-action%3Aaction%3Dlightbox%26settings%3DeyJpZCI6MTMxODcsInVybCI6Imh0dHBzOlwvXC9kaWhzZS5lc1wvd3AtY29udGVudFwvdXBsb2Fkc1wvMjAyNVwvMTFcL0lNRy0yMDI0MTIyMC1XQTAwMTEtc2NhbGVkLTMwMHgyMDAtMS5qcGciLCJzbGlkZXNob3ciOiIyZDVjZTY4In0%3D\" href='https:\/\/dihse.es\/wp-content\/uploads\/2025\/11\/IMG-20241220-WA0011-scaled-300x200-1.jpg'><img decoding=\"async\" width=\"150\" height=\"150\" src=\"https:\/\/dihse.es\/wp-content\/uploads\/2025\/11\/IMG-20241220-WA0011-scaled-300x200-1-150x150.jpg\" class=\"attachment-thumbnail size-thumbnail\" alt=\"\" aria-describedby=\"gallery-1-13187\" \/><\/a>\n\t\t\t<\/dt>\n\t\t\t\t<dd class='wp-caption-text gallery-caption' id='gallery-1-13187'>\n\t\t\t\tWorkshop O papel da Silver Economy no Futuro Sustent\u00e1vel das Empresas\n\t\t\t\t<\/dd><\/dl><dl class='gallery-item'>\n\t\t\t<dt class='gallery-icon landscape'>\n\t\t\t\t<a data-elementor-open-lightbox=\"yes\" data-elementor-lightbox-slideshow=\"2d5ce68\" data-elementor-lightbox-title=\"IMG-20241220-WA0013-scaled-300x200\" data-e-action-hash=\"#elementor-action%3Aaction%3Dlightbox%26settings%3DeyJpZCI6MTMxOTMsInVybCI6Imh0dHBzOlwvXC9kaWhzZS5lc1wvd3AtY29udGVudFwvdXBsb2Fkc1wvMjAyNVwvMTFcL0lNRy0yMDI0MTIyMC1XQTAwMTMtc2NhbGVkLTMwMHgyMDAtMS5qcGciLCJzbGlkZXNob3ciOiIyZDVjZTY4In0%3D\" href='https:\/\/dihse.es\/wp-content\/uploads\/2025\/11\/IMG-20241220-WA0013-scaled-300x200-1.jpg'><img loading=\"lazy\" decoding=\"async\" width=\"150\" height=\"150\" src=\"https:\/\/dihse.es\/wp-content\/uploads\/2025\/11\/IMG-20241220-WA0013-scaled-300x200-1-150x150.jpg\" class=\"attachment-thumbnail size-thumbnail\" alt=\"\" aria-describedby=\"gallery-1-13193\" \/><\/a>\n\t\t\t<\/dt>\n\t\t\t\t<dd class='wp-caption-text gallery-caption' id='gallery-1-13193'>\n\t\t\t\tWorkshop O papel da Silver Economy no Futuro Sustent\u00e1vel das Empresas\n\t\t\t\t<\/dd><\/dl><dl class='gallery-item'>\n\t\t\t<dt class='gallery-icon landscape'>\n\t\t\t\t<a data-elementor-open-lightbox=\"yes\" data-elementor-lightbox-slideshow=\"2d5ce68\" data-elementor-lightbox-title=\"IMG-20241220-WA0019-scaled-300x200\" data-e-action-hash=\"#elementor-action%3Aaction%3Dlightbox%26settings%3DeyJpZCI6MTMxOTksInVybCI6Imh0dHBzOlwvXC9kaWhzZS5lc1wvd3AtY29udGVudFwvdXBsb2Fkc1wvMjAyNVwvMTFcL0lNRy0yMDI0MTIyMC1XQTAwMTktc2NhbGVkLTMwMHgyMDAtMS5qcGciLCJzbGlkZXNob3ciOiIyZDVjZTY4In0%3D\" href='https:\/\/dihse.es\/wp-content\/uploads\/2025\/11\/IMG-20241220-WA0019-scaled-300x200-1.jpg'><img loading=\"lazy\" decoding=\"async\" width=\"150\" height=\"150\" src=\"https:\/\/dihse.es\/wp-content\/uploads\/2025\/11\/IMG-20241220-WA0019-scaled-300x200-1-150x150.jpg\" class=\"attachment-thumbnail size-thumbnail\" alt=\"\" aria-describedby=\"gallery-1-13199\" \/><\/a>\n\t\t\t<\/dt>\n\t\t\t\t<dd class='wp-caption-text gallery-caption' id='gallery-1-13199'>\n\t\t\t\tWorkshop O papel da Silver Economy no Futuro Sustent\u00e1vel das Empresas\n\t\t\t\t<\/dd><\/dl><br style=\"clear: both\" \/><dl class='gallery-item'>\n\t\t\t<dt class='gallery-icon landscape'>\n\t\t\t\t<a data-elementor-open-lightbox=\"yes\" data-elementor-lightbox-slideshow=\"2d5ce68\" data-elementor-lightbox-title=\"IMG-20241220-WA0021-scaled-300x200\" data-e-action-hash=\"#elementor-action%3Aaction%3Dlightbox%26settings%3DeyJpZCI6MTMyMDUsInVybCI6Imh0dHBzOlwvXC9kaWhzZS5lc1wvd3AtY29udGVudFwvdXBsb2Fkc1wvMjAyNVwvMTFcL0lNRy0yMDI0MTIyMC1XQTAwMjEtc2NhbGVkLTMwMHgyMDAtMS5qcGciLCJzbGlkZXNob3ciOiIyZDVjZTY4In0%3D\" href='https:\/\/dihse.es\/wp-content\/uploads\/2025\/11\/IMG-20241220-WA0021-scaled-300x200-1.jpg'><img loading=\"lazy\" decoding=\"async\" width=\"150\" height=\"150\" src=\"https:\/\/dihse.es\/wp-content\/uploads\/2025\/11\/IMG-20241220-WA0021-scaled-300x200-1-150x150.jpg\" class=\"attachment-thumbnail size-thumbnail\" alt=\"\" aria-describedby=\"gallery-1-13205\" \/><\/a>\n\t\t\t<\/dt>\n\t\t\t\t<dd class='wp-caption-text gallery-caption' id='gallery-1-13205'>\n\t\t\t\tWorkshop O papel da Silver Economy no Futuro Sustent\u00e1vel das Empresas\n\t\t\t\t<\/dd><\/dl><dl class='gallery-item'>\n\t\t\t<dt class='gallery-icon landscape'>\n\t\t\t\t<a data-elementor-open-lightbox=\"yes\" data-elementor-lightbox-slideshow=\"2d5ce68\" data-elementor-lightbox-title=\"IMG-20241220-WA0025-scaled-300x200\" data-e-action-hash=\"#elementor-action%3Aaction%3Dlightbox%26settings%3DeyJpZCI6MTMyMTEsInVybCI6Imh0dHBzOlwvXC9kaWhzZS5lc1wvd3AtY29udGVudFwvdXBsb2Fkc1wvMjAyNVwvMTFcL0lNRy0yMDI0MTIyMC1XQTAwMjUtc2NhbGVkLTMwMHgyMDAtMS5qcGciLCJzbGlkZXNob3ciOiIyZDVjZTY4In0%3D\" href='https:\/\/dihse.es\/wp-content\/uploads\/2025\/11\/IMG-20241220-WA0025-scaled-300x200-1.jpg'><img loading=\"lazy\" decoding=\"async\" width=\"150\" height=\"150\" src=\"https:\/\/dihse.es\/wp-content\/uploads\/2025\/11\/IMG-20241220-WA0025-scaled-300x200-1-150x150.jpg\" class=\"attachment-thumbnail size-thumbnail\" alt=\"\" aria-describedby=\"gallery-1-13211\" \/><\/a>\n\t\t\t<\/dt>\n\t\t\t\t<dd class='wp-caption-text gallery-caption' id='gallery-1-13211'>\n\t\t\t\tWorkshop O papel da Silver Economy no Futuro Sustent\u00e1vel das Empresas\n\t\t\t\t<\/dd><\/dl><dl class='gallery-item'>\n\t\t\t<dt class='gallery-icon landscape'>\n\t\t\t\t<a data-elementor-open-lightbox=\"yes\" data-elementor-lightbox-slideshow=\"2d5ce68\" data-elementor-lightbox-title=\"IMG-20241220-WA0041-scaled-300x200\" data-e-action-hash=\"#elementor-action%3Aaction%3Dlightbox%26settings%3DeyJpZCI6MTMyMTcsInVybCI6Imh0dHBzOlwvXC9kaWhzZS5lc1wvd3AtY29udGVudFwvdXBsb2Fkc1wvMjAyNVwvMTFcL0lNRy0yMDI0MTIyMC1XQTAwNDEtc2NhbGVkLTMwMHgyMDAtMS5qcGciLCJzbGlkZXNob3ciOiIyZDVjZTY4In0%3D\" href='https:\/\/dihse.es\/wp-content\/uploads\/2025\/11\/IMG-20241220-WA0041-scaled-300x200-1.jpg'><img loading=\"lazy\" decoding=\"async\" width=\"150\" height=\"150\" src=\"https:\/\/dihse.es\/wp-content\/uploads\/2025\/11\/IMG-20241220-WA0041-scaled-300x200-1-150x150.jpg\" class=\"attachment-thumbnail size-thumbnail\" alt=\"\" aria-describedby=\"gallery-1-13217\" \/><\/a>\n\t\t\t<\/dt>\n\t\t\t\t<dd class='wp-caption-text gallery-caption' id='gallery-1-13217'>\n\t\t\t\tWorkshop O papel da Silver Economy no Futuro Sustent\u00e1vel das Empresas\n\t\t\t\t<\/dd><\/dl>\n\t\t\t<br style='clear: both' \/>\n\t\t<\/div>\n\t\t<\/div>\n\t\t\t\t<\/div>\n\t\t\t\t<\/div>\n\t\t\t\t\t<\/div>\n\t\t\t\t<\/div>\n\t\t\t\t<section class=\"elementor-section elementor-top-section elementor-element elementor-element-1d0d7c0 elementor-section-content-middle elementor-section-boxed elementor-section-height-default elementor-section-height-default\" data-id=\"1d0d7c0\" data-element_type=\"section\">\n\t\t\t\t\t\t<div class=\"elementor-container elementor-column-gap-default\">\n\t\t\t\t\t<div class=\"elementor-column elementor-col-25 elementor-top-column elementor-element elementor-element-00713cc\" data-id=\"00713cc\" data-element_type=\"column\">\n\t\t\t<div class=\"elementor-widget-wrap elementor-element-populated\">\n\t\t\t\t\t\t\t\t<div class=\"elementor-element elementor-element-310c4c5 elementor-widget elementor-widget-image\" data-id=\"310c4c5\" data-element_type=\"widget\" data-widget_type=\"image.default\">\n\t\t\t\t<div class=\"elementor-widget-container\">\n\t\t\t\t\t\t\t\t\t\t\t\t\t\t\t\t<a href=\"#\" target=\"_blank\">\n\t\t\t\t\t\t\t<img loading=\"lazy\" decoding=\"async\" width=\"768\" height=\"232\" src=\"https:\/\/dihse.es\/wp-content\/uploads\/2024\/09\/Interreg-Logo-Espana-Portugal-CMYK-Color-03-768x232.jpg\" class=\"attachment-medium_large size-medium_large wp-image-3478\" alt=\"\" srcset=\"https:\/\/dihse.es\/wp-content\/uploads\/2024\/09\/Interreg-Logo-Espana-Portugal-CMYK-Color-03-768x232.jpg 768w, https:\/\/dihse.es\/wp-content\/uploads\/2024\/09\/Interreg-Logo-Espana-Portugal-CMYK-Color-03-300x90.jpg 300w, https:\/\/dihse.es\/wp-content\/uploads\/2024\/09\/Interreg-Logo-Espana-Portugal-CMYK-Color-03-1024x309.jpg 1024w, https:\/\/dihse.es\/wp-content\/uploads\/2024\/09\/Interreg-Logo-Espana-Portugal-CMYK-Color-03-1536x463.jpg 1536w, https:\/\/dihse.es\/wp-content\/uploads\/2024\/09\/Interreg-Logo-Espana-Portugal-CMYK-Color-03.jpg 1903w\" sizes=\"(max-width: 768px) 100vw, 768px\" \/>\t\t\t\t\t\t\t\t<\/a>\n\t\t\t\t\t\t\t\t\t\t\t\t\t\t\t<\/div>\n\t\t\t\t<\/div>\n\t\t\t\t\t<\/div>\n\t\t<\/div>\n\t\t\t\t<div class=\"elementor-column elementor-col-25 elementor-top-column elementor-element elementor-element-d0fc05c\" data-id=\"d0fc05c\" data-element_type=\"column\">\n\t\t\t<div class=\"elementor-widget-wrap elementor-element-populated\">\n\t\t\t\t\t\t\t\t<div class=\"elementor-element elementor-element-0a1083d elementor-widget elementor-widget-image\" data-id=\"0a1083d\" data-element_type=\"widget\" data-widget_type=\"image.default\">\n\t\t\t\t<div class=\"elementor-widget-container\">\n\t\t\t\t\t\t\t\t\t\t\t\t\t\t\t\t<a href=\"#\" target=\"_blank\">\n\t\t\t\t\t\t\t<img loading=\"lazy\" decoding=\"async\" width=\"300\" height=\"136\" src=\"https:\/\/dihse.es\/wp-content\/uploads\/2024\/11\/Diputacion-Zamora-Logo-2020-2H-color-300x136.png\" class=\"attachment-medium size-medium wp-image-3556\" alt=\"\" srcset=\"https:\/\/dihse.es\/wp-content\/uploads\/2024\/11\/Diputacion-Zamora-Logo-2020-2H-color-300x136.png 300w, https:\/\/dihse.es\/wp-content\/uploads\/2024\/11\/Diputacion-Zamora-Logo-2020-2H-color-1024x464.png 1024w, https:\/\/dihse.es\/wp-content\/uploads\/2024\/11\/Diputacion-Zamora-Logo-2020-2H-color-768x348.png 768w, https:\/\/dihse.es\/wp-content\/uploads\/2024\/11\/Diputacion-Zamora-Logo-2020-2H-color-1536x696.png 1536w, https:\/\/dihse.es\/wp-content\/uploads\/2024\/11\/Diputacion-Zamora-Logo-2020-2H-color.png 1982w\" sizes=\"(max-width: 300px) 100vw, 300px\" \/>\t\t\t\t\t\t\t\t<\/a>\n\t\t\t\t\t\t\t\t\t\t\t\t\t\t\t<\/div>\n\t\t\t\t<\/div>\n\t\t\t\t\t<\/div>\n\t\t<\/div>\n\t\t\t\t<div class=\"elementor-column elementor-col-25 elementor-top-column elementor-element elementor-element-e7c5f47\" data-id=\"e7c5f47\" data-element_type=\"column\">\n\t\t\t<div class=\"elementor-widget-wrap elementor-element-populated\">\n\t\t\t\t\t\t\t\t<div class=\"elementor-element elementor-element-046045d elementor-widget elementor-widget-image\" data-id=\"046045d\" data-element_type=\"widget\" data-widget_type=\"image.default\">\n\t\t\t\t<div class=\"elementor-widget-container\">\n\t\t\t\t\t\t\t\t\t\t\t\t\t\t\t\t<a href=\"#\" target=\"_blank\">\n\t\t\t\t\t\t\t<img loading=\"lazy\" decoding=\"async\" width=\"190\" height=\"67\" src=\"https:\/\/dihse.es\/wp-content\/uploads\/2024\/01\/logo.png\" class=\"attachment-medium size-medium wp-image-1608\" alt=\"\" \/>\t\t\t\t\t\t\t\t<\/a>\n\t\t\t\t\t\t\t\t\t\t\t\t\t\t\t<\/div>\n\t\t\t\t<\/div>\n\t\t\t\t\t<\/div>\n\t\t<\/div>\n\t\t\t\t<div class=\"elementor-column elementor-col-25 elementor-top-column elementor-element elementor-element-00144dc\" data-id=\"00144dc\" data-element_type=\"column\">\n\t\t\t<div class=\"elementor-widget-wrap elementor-element-populated\">\n\t\t\t\t\t\t\t\t<div class=\"elementor-element elementor-element-8621c10 elementor-widget elementor-widget-image\" data-id=\"8621c10\" data-element_type=\"widget\" data-widget_type=\"image.default\">\n\t\t\t\t<div class=\"elementor-widget-container\">\n\t\t\t\t\t\t\t\t\t\t\t\t\t\t\t\t<a href=\"#\" target=\"_blank\">\n\t\t\t\t\t\t\t<img loading=\"lazy\" decoding=\"async\" width=\"300\" height=\"123\" src=\"https:\/\/dihse.es\/wp-content\/uploads\/2024\/01\/Marca_Bragan_a_Assinatura_Complementar-300x123.jpg\" class=\"attachment-medium size-medium wp-image-1610\" alt=\"\" srcset=\"https:\/\/dihse.es\/wp-content\/uploads\/2024\/01\/Marca_Bragan_a_Assinatura_Complementar-300x123.jpg 300w, https:\/\/dihse.es\/wp-content\/uploads\/2024\/01\/Marca_Bragan_a_Assinatura_Complementar-1024x420.jpg 1024w, https:\/\/dihse.es\/wp-content\/uploads\/2024\/01\/Marca_Bragan_a_Assinatura_Complementar-768x315.jpg 768w, https:\/\/dihse.es\/wp-content\/uploads\/2024\/01\/Marca_Bragan_a_Assinatura_Complementar-600x246.jpg 600w, https:\/\/dihse.es\/wp-content\/uploads\/2024\/01\/Marca_Bragan_a_Assinatura_Complementar.jpg 1182w\" sizes=\"(max-width: 300px) 100vw, 300px\" \/>\t\t\t\t\t\t\t\t<\/a>\n\t\t\t\t\t\t\t\t\t\t\t\t\t\t\t<\/div>\n\t\t\t\t<\/div>\n\t\t\t\t\t<\/div>\n\t\t<\/div>\n\t\t\t\t\t\t\t<\/div>\n\t\t<\/section>\n\t\t\t\t<section class=\"elementor-section elementor-top-section elementor-element elementor-element-4b86abf elementor-section-content-middle elementor-section-boxed elementor-section-height-default elementor-section-height-default\" data-id=\"4b86abf\" data-element_type=\"section\">\n\t\t\t\t\t\t<div class=\"elementor-container elementor-column-gap-default\">\n\t\t\t\t\t<div class=\"elementor-column elementor-col-25 elementor-top-column elementor-element elementor-element-7b864a0\" data-id=\"7b864a0\" data-element_type=\"column\">\n\t\t\t<div class=\"elementor-widget-wrap elementor-element-populated\">\n\t\t\t\t\t\t\t\t<div class=\"elementor-element elementor-element-3914241 elementor-widget elementor-widget-image\" data-id=\"3914241\" data-element_type=\"widget\" data-widget_type=\"image.default\">\n\t\t\t\t<div class=\"elementor-widget-container\">\n\t\t\t\t\t\t\t\t\t\t\t\t\t\t\t\t<a href=\"#\" target=\"_blank\">\n\t\t\t\t\t\t\t<img loading=\"lazy\" decoding=\"async\" width=\"150\" height=\"150\" src=\"https:\/\/dihse.es\/wp-content\/uploads\/2024\/11\/Logo-CIM-5-05-1-150x150.png\" class=\"attachment-thumbnail size-thumbnail wp-image-3583\" alt=\"\" \/>\t\t\t\t\t\t\t\t<\/a>\n\t\t\t\t\t\t\t\t\t\t\t\t\t\t\t<\/div>\n\t\t\t\t<\/div>\n\t\t\t\t\t<\/div>\n\t\t<\/div>\n\t\t\t\t<div class=\"elementor-column elementor-col-25 elementor-top-column elementor-element elementor-element-58fbd03\" data-id=\"58fbd03\" data-element_type=\"column\">\n\t\t\t<div class=\"elementor-widget-wrap elementor-element-populated\">\n\t\t\t\t\t\t\t\t<div class=\"elementor-element elementor-element-ab8ecd9 elementor-widget elementor-widget-image\" data-id=\"ab8ecd9\" data-element_type=\"widget\" data-widget_type=\"image.default\">\n\t\t\t\t<div class=\"elementor-widget-container\">\n\t\t\t\t\t\t\t\t\t\t\t\t\t\t\t\t<a href=\"#\" target=\"_blank\">\n\t\t\t\t\t\t\t<img loading=\"lazy\" decoding=\"async\" width=\"300\" height=\"152\" src=\"https:\/\/dihse.es\/wp-content\/uploads\/2024\/11\/logo-vector-caja-rural-de-zamora-300x152.jpg\" class=\"attachment-medium size-medium wp-image-3619\" alt=\"\" srcset=\"https:\/\/dihse.es\/wp-content\/uploads\/2024\/11\/logo-vector-caja-rural-de-zamora-300x152.jpg 300w, https:\/\/dihse.es\/wp-content\/uploads\/2024\/11\/logo-vector-caja-rural-de-zamora.jpg 630w\" sizes=\"(max-width: 300px) 100vw, 300px\" \/>\t\t\t\t\t\t\t\t<\/a>\n\t\t\t\t\t\t\t\t\t\t\t\t\t\t\t<\/div>\n\t\t\t\t<\/div>\n\t\t\t\t\t<\/div>\n\t\t<\/div>\n\t\t\t\t<div class=\"elementor-column elementor-col-25 elementor-top-column elementor-element elementor-element-267b27a\" data-id=\"267b27a\" data-element_type=\"column\">\n\t\t\t<div class=\"elementor-widget-wrap elementor-element-populated\">\n\t\t\t\t\t\t\t\t<div class=\"elementor-element elementor-element-4784319 elementor-widget elementor-widget-image\" data-id=\"4784319\" data-element_type=\"widget\" data-widget_type=\"image.default\">\n\t\t\t\t<div class=\"elementor-widget-container\">\n\t\t\t\t\t\t\t\t\t\t\t\t\t\t\t\t<a href=\"#\" target=\"_blank\">\n\t\t\t\t\t\t\t<img loading=\"lazy\" decoding=\"async\" width=\"1024\" height=\"322\" src=\"https:\/\/dihse.es\/wp-content\/uploads\/2024\/11\/logo-Fundacio\u0301n-UBU-1024x322-1.jpg\" class=\"attachment-large size-large wp-image-3565\" alt=\"\" srcset=\"https:\/\/dihse.es\/wp-content\/uploads\/2024\/11\/logo-Fundacio\u0301n-UBU-1024x322-1.jpg 1024w, https:\/\/dihse.es\/wp-content\/uploads\/2024\/11\/logo-Fundacio\u0301n-UBU-1024x322-1-300x94.jpg 300w, https:\/\/dihse.es\/wp-content\/uploads\/2024\/11\/logo-Fundacio\u0301n-UBU-1024x322-1-768x242.jpg 768w\" sizes=\"(max-width: 1024px) 100vw, 1024px\" \/>\t\t\t\t\t\t\t\t<\/a>\n\t\t\t\t\t\t\t\t\t\t\t\t\t\t\t<\/div>\n\t\t\t\t<\/div>\n\t\t\t\t\t<\/div>\n\t\t<\/div>\n\t\t\t\t<div class=\"elementor-column elementor-col-25 elementor-top-column elementor-element elementor-element-60d84a0\" data-id=\"60d84a0\" data-element_type=\"column\">\n\t\t\t<div class=\"elementor-widget-wrap elementor-element-populated\">\n\t\t\t\t\t\t\t\t<div class=\"elementor-element elementor-element-470858c elementor-widget elementor-widget-image\" data-id=\"470858c\" data-element_type=\"widget\" data-widget_type=\"image.default\">\n\t\t\t\t<div class=\"elementor-widget-container\">\n\t\t\t\t\t\t\t\t\t\t\t\t\t\t\t\t<a href=\"#\" target=\"_blank\">\n\t\t\t\t\t\t\t<img loading=\"lazy\" decoding=\"async\" width=\"150\" height=\"150\" src=\"https:\/\/dihse.es\/wp-content\/uploads\/2024\/11\/logo-territory-silver-economy-150x150.jpg\" class=\"attachment-thumbnail size-thumbnail wp-image-3592\" alt=\"\" \/>\t\t\t\t\t\t\t\t<\/a>\n\t\t\t\t\t\t\t\t\t\t\t\t\t\t\t<\/div>\n\t\t\t\t<\/div>\n\t\t\t\t\t<\/div>\n\t\t<\/div>\n\t\t\t\t\t\t\t<\/div>\n\t\t<\/section>\n\t\t\t\t\t\t\t<\/div>\n\t\t","protected":false},"excerpt":{"rendered":"<p>Los d\u00edas 19 y 20 de diciembre de 2024, el Digital Innovation Hub organiz\u00f3 en Alf\u00e2ndega da F\u00e9 el taller\u00abODS: [&hellip;]<\/p>\n","protected":false},"author":7,"featured_media":0,"parent":0,"menu_order":0,"comment_status":"closed","ping_status":"closed","template":"","meta":{"footnotes":""},"class_list":["post-13907","page","type-page","status-publish","hentry"],"_links":{"self":[{"href":"https:\/\/dihse.es\/es\/wp-json\/wp\/v2\/pages\/13907","targetHints":{"allow":["GET"]}}],"collection":[{"href":"https:\/\/dihse.es\/es\/wp-json\/wp\/v2\/pages"}],"about":[{"href":"https:\/\/dihse.es\/es\/wp-json\/wp\/v2\/types\/page"}],"author":[{"embeddable":true,"href":"https:\/\/dihse.es\/es\/wp-json\/wp\/v2\/users\/7"}],"replies":[{"embeddable":true,"href":"https:\/\/dihse.es\/es\/wp-json\/wp\/v2\/comments?post=13907"}],"version-history":[{"count":5,"href":"https:\/\/dihse.es\/es\/wp-json\/wp\/v2\/pages\/13907\/revisions"}],"predecessor-version":[{"id":13925,"href":"https:\/\/dihse.es\/es\/wp-json\/wp\/v2\/pages\/13907\/revisions\/13925"}],"wp:attachment":[{"href":"https:\/\/dihse.es\/es\/wp-json\/wp\/v2\/media?parent=13907"}],"curies":[{"name":"wp","href":"https:\/\/api.w.org\/{rel}","templated":true}]}}