{"id":16103,"date":"2026-01-16T10:23:21","date_gmt":"2026-01-16T10:23:21","guid":{"rendered":"https:\/\/dihse.es\/?page_id=16103"},"modified":"2026-02-16T09:37:51","modified_gmt":"2026-02-16T09:37:51","slug":"politica-de-cookies","status":"publish","type":"page","link":"https:\/\/dihse.es\/es\/politica-de-cookies\/","title":{"rendered":"POL\u00cdTICA DE COOKIES"},"content":{"rendered":"\t\t<div data-elementor-type=\"wp-page\" data-elementor-id=\"16103\" class=\"elementor elementor-16103 elementor-15047\" data-elementor-post-type=\"page\">\n\t\t\t\t\t\t\t<div class=\"elementor-element elementor-element-6b1f756 e-flex e-con-boxed e-con e-parent\" data-id=\"6b1f756\" data-element_type=\"container\" data-settings=\"{&quot;content_width&quot;:&quot;boxed&quot;}\" data-core-v316-plus=\"true\">\n\t\t\t\t\t<div class=\"e-con-inner\">\n\t\t\t\t<div class=\"elementor-element elementor-element-33967f1 elementor-widget elementor-widget-text-editor\" data-id=\"33967f1\" data-element_type=\"widget\" data-widget_type=\"text-editor.default\">\n\t\t\t\t<div class=\"elementor-widget-container\">\n\t\t\t<style>\/*! elementor - v3.18.0 - 20-12-2023 *\/\n.elementor-widget-text-editor.elementor-drop-cap-view-stacked .elementor-drop-cap{background-color:#69727d;color:#fff}.elementor-widget-text-editor.elementor-drop-cap-view-framed .elementor-drop-cap{color:#69727d;border:3px solid;background-color:transparent}.elementor-widget-text-editor:not(.elementor-drop-cap-view-default) .elementor-drop-cap{margin-top:8px}.elementor-widget-text-editor:not(.elementor-drop-cap-view-default) .elementor-drop-cap-letter{width:1em;height:1em}.elementor-widget-text-editor .elementor-drop-cap{float:left;text-align:center;line-height:1;font-size:50px}.elementor-widget-text-editor .elementor-drop-cap-letter{display:inline-block}<\/style>\t\t\t\t<p data-start=\"0\" data-end=\"247\">El sitio web DIH_SE utiliza cookies propias y de terceros para mejorar la experiencia de navegaci\u00f3n del usuario, as\u00ed como para realizar tareas de an\u00e1lisis y medici\u00f3n del uso del sitio web, de conformidad con lo dispuesto en la legislaci\u00f3n vigente.<\/p><h4 data-start=\"254\" data-end=\"282\">1. \u00bfQU\u00c9 SON LAS COOKIES?<\/h4><p data-start=\"284\" data-end=\"540\">Las cookies son peque\u00f1os archivos de texto que se almacenan en el dispositivo del usuario cuando visita un sitio web. Su finalidad puede ser t\u00e9cnica, anal\u00edtica o de personalizaci\u00f3n, permitiendo al sitio web recordar informaci\u00f3n sobre la visita del usuario.<\/p><h4 data-start=\"547\" data-end=\"585\">2. TIPOLOG\u00cdA DE COOKIES UTILIZADAS<\/h4><p data-start=\"587\" data-end=\"670\">En funci\u00f3n de su finalidad, este sitio web utiliza los siguientes tipos de cookies:<\/p><h5 data-start=\"672\" data-end=\"706\">Cookies t\u00e9cnicas o necesarias<\/h5><p data-start=\"708\" data-end=\"934\">Permiten al usuario navegar por el sitio web y utilizar las diferentes opciones o servicios existentes en \u00e9l. Estas cookies son necesarias para el correcto funcionamiento del sitio y no requieren el consentimiento del usuario.<\/p><h4 data-start=\"936\" data-end=\"971\">Cookies de an\u00e1lisis o medici\u00f3n<\/h4><p data-start=\"973\" data-end=\"1232\">Permiten cuantificar el n\u00famero de usuarios y realizar la medici\u00f3n y el an\u00e1lisis estad\u00edstico del uso que los usuarios hacen del sitio web. A trav\u00e9s de ellas, se analizan los h\u00e1bitos de navegaci\u00f3n con el objetivo de mejorar los contenidos y servicios ofrecidos.<\/p><p data-start=\"1234\" data-end=\"1316\">Estas cookies solo se instalan cuando el usuario presta su consentimiento expreso.<\/p><h4 data-start=\"1323\" data-end=\"1349\">3. COOKIES DE TERCEROS<\/h4><p data-start=\"1351\" data-end=\"1523\">Este sitio web utiliza cookies de Google Analytics 4, un servicio de an\u00e1lisis web prestado por Google LLC, integradas a trav\u00e9s del plugin Site Kit de Google para WordPress.<\/p><p data-start=\"1525\" data-end=\"1600\">A trav\u00e9s de estas cookies, puede recopilarse informaci\u00f3n anonimizada sobre:<\/p><ul data-start=\"1602\" data-end=\"1768\"><li data-start=\"1602\" data-end=\"1623\"><p data-start=\"1604\" data-end=\"1623\">N\u00famero de visitas<\/p><\/li><li data-start=\"1624\" data-end=\"1645\"><p data-start=\"1626\" data-end=\"1645\">P\u00e1ginas visitadas<\/p><\/li><li data-start=\"1646\" data-end=\"1671\"><p data-start=\"1648\" data-end=\"1671\">Duraci\u00f3n de la sesi\u00f3n<\/p><\/li><li data-start=\"1672\" data-end=\"1707\"><p data-start=\"1674\" data-end=\"1707\">Tipo de dispositivo y navegador<\/p><\/li><li data-start=\"1708\" data-end=\"1729\"><p data-start=\"1710\" data-end=\"1729\">Sistema operativo<\/p><\/li><li data-start=\"1730\" data-end=\"1768\"><p data-start=\"1732\" data-end=\"1768\">Ubicaci\u00f3n aproximada (pa\u00eds o regi\u00f3n)<\/p><\/li><\/ul><p data-start=\"1770\" data-end=\"2001\">Google puede tratar esta informaci\u00f3n en servidores ubicados fuera del Espacio Econ\u00f3mico Europeo, aplicando las garant\u00edas adecuadas de conformidad con el RGPD, como las Cl\u00e1usulas Contractuales Tipo aprobadas por la Comisi\u00f3n Europea.<\/p><p data-start=\"2003\" data-end=\"2118\">Puede consultar m\u00e1s informaci\u00f3n sobre la pol\u00edtica de privacidad de Google en:<br data-start=\"2080\" data-end=\"2083\" \/><a class=\"decorated-link\" href=\"https:\/\/policies.google.com\/privacy\" target=\"_new\" rel=\"noopener\" data-start=\"2083\" data-end=\"2118\">https:\/\/policies.google.com\/privacy<\/a><\/p><h4 data-start=\"2125\" data-end=\"2161\">4. BASE LEGAL DEL USO DE COOKIES<\/h4><ul data-start=\"2163\" data-end=\"2331\"><li data-start=\"2163\" data-end=\"2253\"><p data-start=\"2165\" data-end=\"2253\"><strong data-start=\"2165\" data-end=\"2186\">Cookies t\u00e9cnicas:<\/strong> inter\u00e9s leg\u00edtimo y cumplimiento legal (art. 22.2 de la LSSI-CE).<\/p><\/li><li data-start=\"2254\" data-end=\"2331\"><p data-start=\"2256\" data-end=\"2331\"><strong data-start=\"2256\" data-end=\"2280\">Cookies de an\u00e1lisis:<\/strong> consentimiento del usuario (art. 6.1.a) del RGPD).<\/p><\/li><\/ul><p data-start=\"2333\" data-end=\"2388\">El consentimiento puede retirarse en cualquier momento.<\/p><h4 data-start=\"2395\" data-end=\"2420\">5. GESTI\u00d3N DE COOKIES<\/h4><p data-start=\"2422\" data-end=\"2573\">El usuario puede aceptar, rechazar o configurar el uso de cookies a trav\u00e9s del panel de configuraci\u00f3n disponible en el sitio web, en cualquier momento.<\/p><p data-start=\"2575\" data-end=\"2826\">Asimismo, puede configurar su navegador para permitir, bloquear o eliminar las cookies instaladas en su dispositivo. La desactivaci\u00f3n de las cookies de an\u00e1lisis no impedir\u00e1 el acceso al sitio web, aunque puede afectar a la mejora de su funcionamiento.<\/p><h4 data-start=\"2833\" data-end=\"2867\">6. CONSERVACI\u00d3N DE LAS COOKIES<\/h4><p data-start=\"2869\" data-end=\"3058\">Las cookies se conservar\u00e1n durante el tiempo estrictamente necesario para cumplir la finalidad para la cual fueron instaladas o durante el per\u00edodo establecido por el proveedor de la cookie.<\/p><h4 data-start=\"3065\" data-end=\"3111\">7. ACTUALIZACI\u00d3N DE LA POL\u00cdTICA DE COOKIES<\/h4><p data-start=\"3113\" data-end=\"3306\" data-is-last-node=\"\" data-is-only-node=\"\">La presente Pol\u00edtica de Cookies podr\u00e1 actualizarse en funci\u00f3n de exigencias legislativas, t\u00e9cnicas o de cambios en los servicios utilizados. Se recomienda al usuario consultarla peri\u00f3dicamente.<\/p>\t\t\t\t\t\t<\/div>\n\t\t\t\t<\/div>\n\t\t\t\t\t<\/div>\n\t\t\t\t<\/div>\n\t\t<div class=\"elementor-element elementor-element-904aebe e-flex e-con-boxed e-con e-parent\" data-id=\"904aebe\" data-element_type=\"container\" data-settings=\"{&quot;content_width&quot;:&quot;boxed&quot;}\" data-core-v316-plus=\"true\">\n\t\t\t\t\t<div class=\"e-con-inner\">\n\t\t<div class=\"elementor-element elementor-element-03168b2 e-con-full e-flex e-con e-child\" data-id=\"03168b2\" data-element_type=\"container\" data-settings=\"{&quot;content_width&quot;:&quot;full&quot;}\">\n\t\t\t\t<div class=\"elementor-element elementor-element-ccd182b elementor-widget elementor-widget-image\" data-id=\"ccd182b\" data-element_type=\"widget\" data-widget_type=\"image.default\">\n\t\t\t\t<div class=\"elementor-widget-container\">\n\t\t\t<style>\/*! elementor - v3.18.0 - 20-12-2023 *\/\n.elementor-widget-image{text-align:center}.elementor-widget-image a{display:inline-block}.elementor-widget-image a img[src$=\".svg\"]{width:48px}.elementor-widget-image img{vertical-align:middle;display:inline-block}<\/style>\t\t\t\t\t\t\t\t\t\t\t\t<img fetchpriority=\"high\" decoding=\"async\" width=\"1024\" height=\"309\" src=\"https:\/\/dihse.es\/wp-content\/uploads\/2024\/09\/Interreg-Logo-Espana-Portugal-CMYK-Color-03-1024x309.jpg\" class=\"attachment-large size-large wp-image-3478\" alt=\"\" srcset=\"https:\/\/dihse.es\/wp-content\/uploads\/2024\/09\/Interreg-Logo-Espana-Portugal-CMYK-Color-03-1024x309.jpg 1024w, https:\/\/dihse.es\/wp-content\/uploads\/2024\/09\/Interreg-Logo-Espana-Portugal-CMYK-Color-03-300x90.jpg 300w, https:\/\/dihse.es\/wp-content\/uploads\/2024\/09\/Interreg-Logo-Espana-Portugal-CMYK-Color-03-768x232.jpg 768w, https:\/\/dihse.es\/wp-content\/uploads\/2024\/09\/Interreg-Logo-Espana-Portugal-CMYK-Color-03-1536x463.jpg 1536w, https:\/\/dihse.es\/wp-content\/uploads\/2024\/09\/Interreg-Logo-Espana-Portugal-CMYK-Color-03.jpg 1903w\" sizes=\"(max-width: 1024px) 100vw, 1024px\" \/>\t\t\t\t\t\t\t\t\t\t\t\t\t\t\t<\/div>\n\t\t\t\t<\/div>\n\t\t\t\t<\/div>\n\t\t<div class=\"elementor-element elementor-element-16ec0bb e-con-full e-flex e-con e-child\" data-id=\"16ec0bb\" data-element_type=\"container\" data-settings=\"{&quot;content_width&quot;:&quot;full&quot;}\">\n\t\t\t\t<div class=\"elementor-element elementor-element-bdbceec elementor-widget elementor-widget-image\" data-id=\"bdbceec\" data-element_type=\"widget\" data-widget_type=\"image.default\">\n\t\t\t\t<div class=\"elementor-widget-container\">\n\t\t\t\t\t\t\t\t\t\t\t\t\t\t\t<img decoding=\"async\" width=\"300\" height=\"136\" src=\"https:\/\/dihse.es\/wp-content\/uploads\/2025\/01\/Diputacion-Zamora-Logo-2020-2H-color-1-300x136-1.png\" class=\"attachment-1536x1536 size-1536x1536 wp-image-4630\" alt=\"\" \/>\t\t\t\t\t\t\t\t\t\t\t\t\t\t\t<\/div>\n\t\t\t\t<\/div>\n\t\t\t\t<\/div>\n\t\t<div class=\"elementor-element elementor-element-e0ea3c9 e-con-full e-flex e-con e-child\" data-id=\"e0ea3c9\" data-element_type=\"container\" data-settings=\"{&quot;content_width&quot;:&quot;full&quot;}\">\n\t\t\t\t<div class=\"elementor-element elementor-element-cdcc8f2 elementor-widget elementor-widget-image\" data-id=\"cdcc8f2\" data-element_type=\"widget\" data-widget_type=\"image.default\">\n\t\t\t\t<div class=\"elementor-widget-container\">\n\t\t\t\t\t\t\t\t\t\t\t\t\t\t\t<img decoding=\"async\" width=\"190\" height=\"67\" src=\"https:\/\/dihse.es\/wp-content\/uploads\/2024\/11\/logo.png\" class=\"attachment-large size-large wp-image-3655\" alt=\"\" \/>\t\t\t\t\t\t\t\t\t\t\t\t\t\t\t<\/div>\n\t\t\t\t<\/div>\n\t\t\t\t<\/div>\n\t\t<div class=\"elementor-element elementor-element-5b87cee e-con-full e-flex e-con e-child\" data-id=\"5b87cee\" data-element_type=\"container\" data-settings=\"{&quot;content_width&quot;:&quot;full&quot;}\">\n\t\t\t\t<div class=\"elementor-element elementor-element-edd314f elementor-widget elementor-widget-image\" data-id=\"edd314f\" data-element_type=\"widget\" data-widget_type=\"image.default\">\n\t\t\t\t<div class=\"elementor-widget-container\">\n\t\t\t\t\t\t\t\t\t\t\t\t\t\t\t<img loading=\"lazy\" decoding=\"async\" width=\"300\" height=\"123\" src=\"https:\/\/dihse.es\/wp-content\/uploads\/2025\/01\/Marca_Bragan_a_Assinatura_Complementar-300x123-1.jpg\" class=\"attachment-medium size-medium wp-image-5260\" alt=\"\" \/>\t\t\t\t\t\t\t\t\t\t\t\t\t\t\t<\/div>\n\t\t\t\t<\/div>\n\t\t\t\t<\/div>\n\t\t\t\t\t<\/div>\n\t\t\t\t<\/div>\n\t\t<div class=\"elementor-element elementor-element-ed8be7d e-flex e-con-boxed e-con e-parent\" data-id=\"ed8be7d\" data-element_type=\"container\" data-settings=\"{&quot;content_width&quot;:&quot;boxed&quot;}\" data-core-v316-plus=\"true\">\n\t\t\t\t\t<div class=\"e-con-inner\">\n\t\t<div class=\"elementor-element elementor-element-8616a30 e-con-full e-flex e-con e-child\" data-id=\"8616a30\" data-element_type=\"container\" data-settings=\"{&quot;content_width&quot;:&quot;full&quot;}\">\n\t\t\t\t<div class=\"elementor-element elementor-element-3a27dca elementor-widget elementor-widget-image\" data-id=\"3a27dca\" data-element_type=\"widget\" data-widget_type=\"image.default\">\n\t\t\t\t<div class=\"elementor-widget-container\">\n\t\t\t\t\t\t\t\t\t\t\t\t\t\t\t<img loading=\"lazy\" decoding=\"async\" width=\"150\" height=\"150\" src=\"https:\/\/dihse.es\/wp-content\/uploads\/2024\/11\/Logo-CIM-5-05-1-150x150.png\" class=\"attachment-thumbnail size-thumbnail wp-image-3583\" alt=\"\" \/>\t\t\t\t\t\t\t\t\t\t\t\t\t\t\t<\/div>\n\t\t\t\t<\/div>\n\t\t\t\t<\/div>\n\t\t<div class=\"elementor-element elementor-element-62ca09b e-con-full e-flex e-con e-child\" data-id=\"62ca09b\" data-element_type=\"container\" data-settings=\"{&quot;content_width&quot;:&quot;full&quot;}\">\n\t\t\t\t<div class=\"elementor-element elementor-element-ad1261e elementor-widget elementor-widget-image\" data-id=\"ad1261e\" data-element_type=\"widget\" data-widget_type=\"image.default\">\n\t\t\t\t<div class=\"elementor-widget-container\">\n\t\t\t\t\t\t\t\t\t\t\t\t\t\t\t<img loading=\"lazy\" decoding=\"async\" width=\"300\" height=\"152\" src=\"https:\/\/dihse.es\/wp-content\/uploads\/2024\/11\/logo-vector-caja-rural-de-zamora-1-300x152.jpg\" class=\"attachment-medium size-medium wp-image-3682\" alt=\"\" srcset=\"https:\/\/dihse.es\/wp-content\/uploads\/2024\/11\/logo-vector-caja-rural-de-zamora-1-300x152.jpg 300w, https:\/\/dihse.es\/wp-content\/uploads\/2024\/11\/logo-vector-caja-rural-de-zamora-1.jpg 630w\" sizes=\"(max-width: 300px) 100vw, 300px\" \/>\t\t\t\t\t\t\t\t\t\t\t\t\t\t\t<\/div>\n\t\t\t\t<\/div>\n\t\t\t\t<\/div>\n\t\t<div class=\"elementor-element elementor-element-7f1c176 e-con-full e-flex e-con e-child\" data-id=\"7f1c176\" data-element_type=\"container\" data-settings=\"{&quot;content_width&quot;:&quot;full&quot;}\">\n\t\t\t\t<div class=\"elementor-element elementor-element-0f48f9b elementor-widget elementor-widget-image\" data-id=\"0f48f9b\" data-element_type=\"widget\" data-widget_type=\"image.default\">\n\t\t\t\t<div class=\"elementor-widget-container\">\n\t\t\t\t\t\t\t\t\t\t\t\t\t\t\t<img loading=\"lazy\" decoding=\"async\" width=\"1024\" height=\"322\" src=\"https:\/\/dihse.es\/wp-content\/uploads\/2024\/11\/logo-Fundacio\u0301n-UBU-1024x322-1.jpg\" class=\"attachment-1536x1536 size-1536x1536 wp-image-3565\" alt=\"\" srcset=\"https:\/\/dihse.es\/wp-content\/uploads\/2024\/11\/logo-Fundacio\u0301n-UBU-1024x322-1.jpg 1024w, https:\/\/dihse.es\/wp-content\/uploads\/2024\/11\/logo-Fundacio\u0301n-UBU-1024x322-1-300x94.jpg 300w, https:\/\/dihse.es\/wp-content\/uploads\/2024\/11\/logo-Fundacio\u0301n-UBU-1024x322-1-768x242.jpg 768w\" sizes=\"(max-width: 1024px) 100vw, 1024px\" \/>\t\t\t\t\t\t\t\t\t\t\t\t\t\t\t<\/div>\n\t\t\t\t<\/div>\n\t\t\t\t<\/div>\n\t\t<div class=\"elementor-element elementor-element-a94d0bb e-con-full e-flex e-con e-child\" data-id=\"a94d0bb\" data-element_type=\"container\" data-settings=\"{&quot;content_width&quot;:&quot;full&quot;}\">\n\t\t\t\t<div class=\"elementor-element elementor-element-3ed2733 elementor-widget elementor-widget-image\" data-id=\"3ed2733\" data-element_type=\"widget\" data-widget_type=\"image.default\">\n\t\t\t\t<div class=\"elementor-widget-container\">\n\t\t\t\t\t\t\t\t\t\t\t\t\t\t\t<img loading=\"lazy\" decoding=\"async\" width=\"150\" height=\"150\" src=\"https:\/\/dihse.es\/wp-content\/uploads\/2024\/11\/logo-territory-silver-economy-1-150x150.jpg\" class=\"attachment-thumbnail size-thumbnail wp-image-3700\" alt=\"\" \/>\t\t\t\t\t\t\t\t\t\t\t\t\t\t\t<\/div>\n\t\t\t\t<\/div>\n\t\t\t\t<\/div>\n\t\t\t\t\t<\/div>\n\t\t\t\t<\/div>\n\t\t\t\t\t\t\t<\/div>\n\t\t","protected":false},"excerpt":{"rendered":"<p>El sitio web DIH_SE utiliza cookies propias y de terceros para mejorar la experiencia de navegaci\u00f3n del usuario, as\u00ed como [&hellip;]<\/p>\n","protected":false},"author":7,"featured_media":0,"parent":0,"menu_order":0,"comment_status":"closed","ping_status":"closed","template":"","meta":{"footnotes":""},"class_list":["post-16103","page","type-page","status-publish","hentry"],"_links":{"self":[{"href":"https:\/\/dihse.es\/es\/wp-json\/wp\/v2\/pages\/16103","targetHints":{"allow":["GET"]}}],"collection":[{"href":"https:\/\/dihse.es\/es\/wp-json\/wp\/v2\/pages"}],"about":[{"href":"https:\/\/dihse.es\/es\/wp-json\/wp\/v2\/types\/page"}],"author":[{"embeddable":true,"href":"https:\/\/dihse.es\/es\/wp-json\/wp\/v2\/users\/7"}],"replies":[{"embeddable":true,"href":"https:\/\/dihse.es\/es\/wp-json\/wp\/v2\/comments?post=16103"}],"version-history":[{"count":4,"href":"https:\/\/dihse.es\/es\/wp-json\/wp\/v2\/pages\/16103\/revisions"}],"predecessor-version":[{"id":16115,"href":"https:\/\/dihse.es\/es\/wp-json\/wp\/v2\/pages\/16103\/revisions\/16115"}],"wp:attachment":[{"href":"https:\/\/dihse.es\/es\/wp-json\/wp\/v2\/media?parent=16103"}],"curies":[{"name":"wp","href":"https:\/\/api.w.org\/{rel}","templated":true}]}}