{"id":2740,"date":"2019-03-15T07:50:48","date_gmt":"2019-03-15T07:50:48","guid":{"rendered":"https:\/\/dihse.es\/?page_id=2740"},"modified":"2026-02-11T11:31:19","modified_gmt":"2026-02-11T11:31:19","slug":"politica-de-privacidad","status":"publish","type":"page","link":"https:\/\/dihse.es\/es\/politica-de-privacidad\/","title":{"rendered":"Pol\u00edtica de privacidad"},"content":{"rendered":"\t\t<div data-elementor-type=\"wp-page\" data-elementor-id=\"2740\" class=\"elementor elementor-2740 elementor-1564\" data-elementor-post-type=\"page\">\n\t\t\t\t\t\t\t<div class=\"elementor-element elementor-element-292e0b15 e-flex e-con-boxed e-con e-parent\" data-id=\"292e0b15\" data-element_type=\"container\" data-settings=\"{&quot;content_width&quot;:&quot;boxed&quot;}\" data-core-v316-plus=\"true\">\n\t\t\t\t\t<div class=\"e-con-inner\">\n\t\t\t\t<div class=\"elementor-element elementor-element-67a29e57 elementor-widget elementor-widget-text-editor\" data-id=\"67a29e57\" data-element_type=\"widget\" data-widget_type=\"text-editor.default\">\n\t\t\t\t<div class=\"elementor-widget-container\">\n\t\t\t<style>\/*! elementor - v3.18.0 - 20-12-2023 *\/\n.elementor-widget-text-editor.elementor-drop-cap-view-stacked .elementor-drop-cap{background-color:#69727d;color:#fff}.elementor-widget-text-editor.elementor-drop-cap-view-framed .elementor-drop-cap{color:#69727d;border:3px solid;background-color:transparent}.elementor-widget-text-editor:not(.elementor-drop-cap-view-default) .elementor-drop-cap{margin-top:8px}.elementor-widget-text-editor:not(.elementor-drop-cap-view-default) .elementor-drop-cap-letter{width:1em;height:1em}.elementor-widget-text-editor .elementor-drop-cap{float:left;text-align:center;line-height:1;font-size:50px}.elementor-widget-text-editor .elementor-drop-cap-letter{display:inline-block}<\/style>\t\t\t\t<div class=\"flex flex-col text-sm pb-25\"><article class=\"text-token-text-primary w-full focus:outline-none [--shadow-height:45px] has-data-writing-block:pointer-events-none has-data-writing-block:-mt-(--shadow-height) has-data-writing-block:pt-(--shadow-height) [&amp;:has([data-writing-block])&gt;*]:pointer-events-auto scroll-mt-[calc(var(--header-height)+min(200px,max(70px,20svh)))]\" dir=\"auto\" tabindex=\"-1\" data-turn-id=\"request-WEB:020de220-9a6a-4628-863c-2173a2e35836-1\" data-testid=\"conversation-turn-4\" data-scroll-anchor=\"true\" data-turn=\"assistant\"><div class=\"text-base my-auto mx-auto pb-10 [--thread-content-margin:--spacing(4)] @w-sm\/main:[--thread-content-margin:--spacing(6)] @w-lg\/main:[--thread-content-margin:--spacing(16)] px-(--thread-content-margin)\"><div class=\"[--thread-content-max-width:40rem] @w-lg\/main:[--thread-content-max-width:48rem] mx-auto max-w-(--thread-content-max-width) flex-1 group\/turn-messages focus-visible:outline-hidden relative flex w-full min-w-0 flex-col agent-turn\" tabindex=\"-1\"><div class=\"flex max-w-full flex-col grow\"><div class=\"min-h-8 text-message relative flex w-full flex-col items-end gap-2 text-start break-words whitespace-normal [.text-message+&amp;]:mt-1\" dir=\"auto\" data-message-author-role=\"assistant\" data-message-id=\"84855fb7-5899-4e9f-b130-01a3ad31190f\" data-message-model-slug=\"gpt-5-2\"><div class=\"flex w-full flex-col gap-1 empty:hidden first:pt-[1px]\"><div class=\"markdown prose dark:prose-invert w-full wrap-break-word light markdown-new-styling\"><ol><li data-start=\"28\" data-end=\"59\"><strong data-start=\"28\" data-end=\"59\">Responsable del tratamiento<\/strong><\/li><\/ol><p data-start=\"61\" data-end=\"329\">Los datos de car\u00e1cter personal que puedan ser recabados directamente del interesado ser\u00e1n tratados de forma confidencial y se incorporar\u00e1n a la correspondiente actividad de tratamiento titularidad de la Diputaci\u00f3n de Zamora, que act\u00faa como responsable del tratamiento.<\/p><p data-start=\"331\" data-end=\"565\">En cumplimiento del deber de informaci\u00f3n establecido en la Ley 34\/2002, de 11 de julio, de Servicios de la Sociedad de la Informaci\u00f3n y del Comercio Electr\u00f3nico, se informa que este sitio web es titularidad de la Diputaci\u00f3n de Zamora.<\/p><p data-start=\"567\" data-end=\"679\">Plaza de Viriato s\/n. 49071 Zamora<br data-start=\"601\" data-end=\"604\" \/>Tel\u00e9fono: 980 55 93 00<br data-start=\"626\" data-end=\"629\" \/>Correo electr\u00f3nico: <a class=\"decorated-link cursor-pointer\" rel=\"noopener\" data-start=\"649\" data-end=\"677\">fondoseuropeos@zamoradipu.es<\/a><\/p><p data-start=\"681\" data-end=\"908\">El acceso al sitio web y a sus servicios es libre y gratuito, aunque algunos servicios pueden requerir la cumplimentaci\u00f3n de formularios de registro o el pago de una tasa, informaci\u00f3n que ser\u00e1 debidamente facilitada al usuario.<\/p><p data-start=\"915\" data-end=\"941\"><strong data-start=\"915\" data-end=\"941\">2. Pol\u00edtica de Privacidad<\/strong><\/p><p data-start=\"943\" data-end=\"1523\">En este sitio web no se recaban datos personales sin el conocimiento del usuario ni se ceden a terceros sin consentimiento previo. El sitio web, cuya titularidad pertenece a la Diputaci\u00f3n de Zamora, contiene enlaces a sitios web de terceros, cuyas pol\u00edticas de privacidad son ajenas al titular. Al acceder a dichos sitios web, el usuario puede decidir si acepta sus respectivas pol\u00edticas de privacidad y de cookies. Con car\u00e1cter general, al navegar por internet el usuario puede aceptar o rechazar las cookies de terceros a trav\u00e9s de las opciones de configuraci\u00f3n de su navegador.<\/p><p data-start=\"1525\" data-end=\"2043\">El acceso al sitio web es libre y gratuito y no requiere suscripci\u00f3n previa. El uso del sitio web dihse.es (en adelante, \u00abel sitio web\u00bb) est\u00e1 sujeto a la Pol\u00edtica de Privacidad, la Pol\u00edtica de Cookies y las Condiciones de Uso que se detallan a continuaci\u00f3n. Al acceder al sitio web, cualquier persona adquiere la condici\u00f3n de usuario (en adelante, \u00abel usuario\u00bb), lo que implica la aceptaci\u00f3n plena y sin reservas de todas las disposiciones contenidas en este Aviso Legal, en la versi\u00f3n vigente en el momento de acceso.<\/p><p data-start=\"2045\" data-end=\"2244\">Si el usuario es menor de edad, deber\u00e1 contar con la autorizaci\u00f3n previa de sus padres o tutores legales, quienes ser\u00e1n responsables de los actos realizados por el menor durante el uso del sitio web.<\/p><p data-start=\"2246\" data-end=\"2573\">El usuario se compromete a hacer un uso adecuado del sitio web y de sus servicios, de conformidad con la buena fe, la presente pol\u00edtica de privacidad y la normativa aplicable, asumiendo la responsabilidad por los da\u00f1os y perjuicios que puedan derivarse de su incumplimiento, tanto frente a la Diputaci\u00f3n como frente a terceros.<\/p><p data-start=\"2580\" data-end=\"2628\"><strong data-start=\"2580\" data-end=\"2628\">3. Informaci\u00f3n b\u00e1sica sobre protecci\u00f3n de datos<\/strong><\/p><p data-start=\"2630\" data-end=\"2643\"><strong data-start=\"2630\" data-end=\"2643\">Finalidad<\/strong><\/p><p data-start=\"2645\" data-end=\"3088\">Los datos recabados por la Diputaci\u00f3n de Zamora ser\u00e1n \u00fanicamente aquellos necesarios, pertinentes y no excesivos para la finalidad espec\u00edfica y leg\u00edtima para la que se obtengan. Estos datos ser\u00e1n tratados con el fin de gestionar los servicios ofrecidos a trav\u00e9s del sitio web. Los datos ser\u00e1n comunicados a la Diputaci\u00f3n Provincial de Zamora, con la finalidad de mantener informados a los interesados sobre las actividades del proyecto DIH_SE.<\/p><p data-start=\"3090\" data-end=\"3256\">Los datos recabados ser\u00e1n eliminados cuando dejen de ser necesarios para la finalidad para la que fueron recogidos o cuando el titular ejerza su derecho de supresi\u00f3n.<\/p><p data-start=\"3258\" data-end=\"3275\"><strong data-start=\"3258\" data-end=\"3275\">Legitimaci\u00f3n:<\/strong><\/p><p data-start=\"3277\" data-end=\"3683\">El tratamiento de los datos personales se realiza conforme a lo establecido en el Reglamento (UE) 2016\/679 del Parlamento Europeo y del Consejo, de 27 de abril de 2016 (Reglamento General de Protecci\u00f3n de Datos o RGPD), as\u00ed como a la normativa nacional aplicable en la materia: Ley Org\u00e1nica 3\/2018, de 5 de diciembre, de Protecci\u00f3n de Datos Personales y garant\u00eda de los derechos digitales. En este sentido:<\/p><ul data-start=\"3685\" data-end=\"5194\"><li data-start=\"3685\" data-end=\"3832\"><p data-start=\"3687\" data-end=\"3832\">Los datos personales solicitados a los usuarios ser\u00e1n los estrictamente necesarios para prestar los servicios correspondientes en el sitio web.<\/p><\/li><li data-start=\"3833\" data-end=\"3985\"><p data-start=\"3835\" data-end=\"3985\">La suscripci\u00f3n a cualquier servicio garantizar\u00e1 que solo se reciban los contenidos espec\u00edficos de dicho servicio, sin incluir informaci\u00f3n adicional.<\/p><\/li><li data-start=\"3986\" data-end=\"4522\"><p data-start=\"3988\" data-end=\"4522\">Los datos personales proporcionados por el usuario no ser\u00e1n cedidos a terceros sin su consentimiento, salvo en los casos de obligaci\u00f3n legal o cuando sea necesario para cumplir los objetivos del proyecto \u00abDIH_SE\u00bb y sus socios. En tales casos, los usuarios ser\u00e1n informados de la identidad del cesionario y la finalidad de la cesi\u00f3n. Los datos solo se utilizar\u00e1n para las finalidades establecidas en el momento de su recogida y no estar\u00e1n disponibles para terceros ni se ceder\u00e1n a ninguna empresa sin informar previamente al usuario.<\/p><\/li><li data-start=\"4523\" data-end=\"4680\"><p data-start=\"4525\" data-end=\"4680\">Los niveles de seguridad aplicados ser\u00e1n los adecuados en funci\u00f3n de los datos facilitados por el usuario, de acuerdo con el RGPD o la normativa vigente.<\/p><\/li><li data-start=\"4681\" data-end=\"5194\"><p data-start=\"4683\" data-end=\"5194\">Los datos inexactos, incompletos o que hayan dejado de ser necesarios o pertinentes para su finalidad ser\u00e1n suprimidos o rectificados. El usuario ser\u00e1 responsable de garantizar la autenticidad y actualizaci\u00f3n de todos los datos que facilite a trav\u00e9s del sitio web, siendo el \u00fanico responsable de las declaraciones falsas, inexactas o no actualizadas que realice, as\u00ed como, en su caso, de los perjuicios que pueda causar a la Diputaci\u00f3n de Zamora o a terceros por la informaci\u00f3n facilitada de forma incorrecta.<\/p><\/li><\/ul><p data-start=\"5201\" data-end=\"5229\"><strong data-start=\"5201\" data-end=\"5229\">Derechos de los Usuarios<\/strong><\/p><p data-start=\"5231\" data-end=\"5517\">Los usuarios podr\u00e1n ejercer sus derechos de acceso, rectificaci\u00f3n, supresi\u00f3n, limitaci\u00f3n, portabilidad y oposici\u00f3n al tratamiento de sus datos personales, as\u00ed como el derecho a no ser objeto de decisiones automatizadas, ante el responsable, utilizando los siguientes medios de contacto:<\/p><p data-start=\"5519\" data-end=\"5631\">Plaza de Viriato s\/n. 49071 Zamora<br data-start=\"5553\" data-end=\"5556\" \/>Tel\u00e9fono: 980 55 93 00<br data-start=\"5578\" data-end=\"5581\" \/>Correo electr\u00f3nico: <a class=\"decorated-link cursor-pointer\" rel=\"noopener\" data-start=\"5601\" data-end=\"5629\">fondoseuropeos@zamoradipu.es<\/a><\/p><p data-start=\"5633\" data-end=\"5802\">Si considera que sus derechos no han sido respetados, el usuario tiene derecho a presentar una reclamaci\u00f3n ante la Agencia Espa\u00f1ola de Protecci\u00f3n de Datos (<a class=\"decorated-link\" href=\"http:\/\/www.aepd.es\" target=\"_new\" rel=\"noopener\" data-start=\"5789\" data-end=\"5800\">www.aepd.es<\/a>).<\/p><p data-start=\"5809\" data-end=\"5834\"><strong data-start=\"5809\" data-end=\"5834\">4. Conservaci\u00f3n de datos<\/strong><\/p><p data-start=\"5836\" data-end=\"6078\">Los datos personales proporcionados se conservar\u00e1n \u00fanicamente durante el tiempo necesario para cumplir la finalidad para la que fueron recogidos, as\u00ed como para determinar las posibles responsabilidades que puedan derivarse de dicha finalidad.<\/p><p data-start=\"6085\" data-end=\"6108\"><strong data-start=\"6085\" data-end=\"6108\">5. Pol\u00edtica de Cookies<\/strong><\/p><p data-start=\"6110\" data-end=\"6382\">En este sitio web se utilizan \u00fanicamente cookies t\u00e9cnicas. En algunas p\u00e1ginas podr\u00e1 mostrarse contenido incrustado o invocado que podr\u00eda instalar cookies de terceros. Al incluir estos contenidos, se garantiza que dichas cookies tengan exclusivamente una finalidad t\u00e9cnica.<\/p><p data-start=\"6384\" data-end=\"6499\">La Diputaci\u00f3n de Zamora informa sobre su Pol\u00edtica de Cookies, pudiendo el usuario realizar las siguientes acciones:<\/p><ul data-start=\"6501\" data-end=\"6908\"><li data-start=\"6501\" data-end=\"6596\"><p data-start=\"6503\" data-end=\"6596\">Aceptar las cookies: al hacerlo, este aviso no volver\u00e1 a aparecer durante la sesi\u00f3n actual.<\/p><\/li><li data-start=\"6597\" data-end=\"6908\"><p data-start=\"6599\" data-end=\"6908\">Modificar la configuraci\u00f3n: el usuario puede obtener m\u00e1s informaci\u00f3n sobre qu\u00e9 son las cookies, consultar la Pol\u00edtica de Cookies de dihse.es y ajustar la configuraci\u00f3n de su navegador. No obstante, esta acci\u00f3n no impedir\u00e1 que el aviso de cookies vuelva a mostrarse al acceder a nuevas p\u00e1ginas del sitio web.<\/p><\/li><\/ul><p data-start=\"6915\" data-end=\"6965\"><strong data-start=\"6915\" data-end=\"6965\">6. C\u00f3mo modificar la configuraci\u00f3n de las cookies<\/strong><\/p><p data-start=\"6967\" data-end=\"7217\">El usuario puede restringir, bloquear o eliminar las cookies instaladas por dihse.es o por cualquier otro sitio web a trav\u00e9s de la configuraci\u00f3n de su navegador. A continuaci\u00f3n, se facilitan enlaces a las instrucciones de los navegadores m\u00e1s comunes:<\/p><p data-start=\"7219\" data-end=\"7261\" data-is-last-node=\"\" data-is-only-node=\"\">Microsoft Edge<br data-start=\"7233\" data-end=\"7236\" \/>Firefox<br data-start=\"7243\" data-end=\"7246\" \/>Chrome<br data-start=\"7252\" data-end=\"7255\" \/>Safari<\/p><\/div><\/div><\/div><\/div><\/div><\/div><\/article><\/div>\t\t\t\t\t\t<\/div>\n\t\t\t\t<\/div>\n\t\t\t\t\t<\/div>\n\t\t\t\t<\/div>\n\t\t<div class=\"elementor-element elementor-element-506e5b0 e-flex e-con-boxed e-con e-parent\" data-id=\"506e5b0\" data-element_type=\"container\" data-settings=\"{&quot;content_width&quot;:&quot;boxed&quot;}\" data-core-v316-plus=\"true\">\n\t\t\t\t\t<div class=\"e-con-inner\">\n\t\t<div class=\"elementor-element elementor-element-d1c1ba8 e-con-full e-flex e-con e-child\" data-id=\"d1c1ba8\" data-element_type=\"container\" data-settings=\"{&quot;content_width&quot;:&quot;full&quot;}\">\n\t\t\t\t<div class=\"elementor-element elementor-element-14e7a12 elementor-widget elementor-widget-image\" data-id=\"14e7a12\" data-element_type=\"widget\" data-widget_type=\"image.default\">\n\t\t\t\t<div class=\"elementor-widget-container\">\n\t\t\t<style>\/*! elementor - v3.18.0 - 20-12-2023 *\/\n.elementor-widget-image{text-align:center}.elementor-widget-image a{display:inline-block}.elementor-widget-image a img[src$=\".svg\"]{width:48px}.elementor-widget-image img{vertical-align:middle;display:inline-block}<\/style>\t\t\t\t\t\t\t\t\t\t\t\t<img fetchpriority=\"high\" decoding=\"async\" width=\"1024\" height=\"309\" src=\"https:\/\/dihse.es\/wp-content\/uploads\/2024\/11\/Interreg-Logo-Espana-Portugal-CMYK-Color-03-1024x309.jpg\" class=\"attachment-large size-large wp-image-3637\" alt=\"\" srcset=\"https:\/\/dihse.es\/wp-content\/uploads\/2024\/11\/Interreg-Logo-Espana-Portugal-CMYK-Color-03-1024x309.jpg 1024w, https:\/\/dihse.es\/wp-content\/uploads\/2024\/11\/Interreg-Logo-Espana-Portugal-CMYK-Color-03-300x90.jpg 300w, https:\/\/dihse.es\/wp-content\/uploads\/2024\/11\/Interreg-Logo-Espana-Portugal-CMYK-Color-03-768x232.jpg 768w, https:\/\/dihse.es\/wp-content\/uploads\/2024\/11\/Interreg-Logo-Espana-Portugal-CMYK-Color-03-1536x463.jpg 1536w, https:\/\/dihse.es\/wp-content\/uploads\/2024\/11\/Interreg-Logo-Espana-Portugal-CMYK-Color-03.jpg 1903w\" sizes=\"(max-width: 1024px) 100vw, 1024px\" \/>\t\t\t\t\t\t\t\t\t\t\t\t\t\t\t<\/div>\n\t\t\t\t<\/div>\n\t\t\t\t<\/div>\n\t\t<div class=\"elementor-element elementor-element-61cef74 e-con-full e-flex e-con e-child\" data-id=\"61cef74\" data-element_type=\"container\" data-settings=\"{&quot;content_width&quot;:&quot;full&quot;}\">\n\t\t\t\t<div class=\"elementor-element elementor-element-9c4e47d elementor-widget elementor-widget-image\" data-id=\"9c4e47d\" data-element_type=\"widget\" data-widget_type=\"image.default\">\n\t\t\t\t<div class=\"elementor-widget-container\">\n\t\t\t\t\t\t\t\t\t\t\t\t\t\t\t<img decoding=\"async\" width=\"300\" height=\"136\" src=\"https:\/\/dihse.es\/wp-content\/uploads\/2025\/11\/Diputacion-Zamora-Logo-2020-2H-color-1-300x136-1.png\" class=\"attachment-1536x1536 size-1536x1536 wp-image-11570\" alt=\"\" \/>\t\t\t\t\t\t\t\t\t\t\t\t\t\t\t<\/div>\n\t\t\t\t<\/div>\n\t\t\t\t<\/div>\n\t\t<div class=\"elementor-element elementor-element-94db7cd e-con-full e-flex e-con e-child\" data-id=\"94db7cd\" data-element_type=\"container\" data-settings=\"{&quot;content_width&quot;:&quot;full&quot;}\">\n\t\t\t\t<div class=\"elementor-element elementor-element-4196129 elementor-widget elementor-widget-image\" data-id=\"4196129\" data-element_type=\"widget\" data-widget_type=\"image.default\">\n\t\t\t\t<div class=\"elementor-widget-container\">\n\t\t\t\t\t\t\t\t\t\t\t\t\t\t\t<img decoding=\"async\" width=\"190\" height=\"67\" src=\"https:\/\/dihse.es\/wp-content\/uploads\/2025\/11\/logo.png\" class=\"attachment-large size-large wp-image-11576\" alt=\"\" \/>\t\t\t\t\t\t\t\t\t\t\t\t\t\t\t<\/div>\n\t\t\t\t<\/div>\n\t\t\t\t<\/div>\n\t\t<div class=\"elementor-element elementor-element-e41b646 e-con-full e-flex e-con e-child\" data-id=\"e41b646\" data-element_type=\"container\" data-settings=\"{&quot;content_width&quot;:&quot;full&quot;}\">\n\t\t\t\t<div class=\"elementor-element elementor-element-b766462 elementor-widget elementor-widget-image\" data-id=\"b766462\" data-element_type=\"widget\" data-widget_type=\"image.default\">\n\t\t\t\t<div class=\"elementor-widget-container\">\n\t\t\t\t\t\t\t\t\t\t\t\t\t\t\t<img loading=\"lazy\" decoding=\"async\" width=\"300\" height=\"123\" src=\"https:\/\/dihse.es\/wp-content\/uploads\/2025\/11\/Marca_Bragan_a_Assinatura_Complementar-300x123-1.jpg\" class=\"attachment-medium size-medium wp-image-11582\" alt=\"\" \/>\t\t\t\t\t\t\t\t\t\t\t\t\t\t\t<\/div>\n\t\t\t\t<\/div>\n\t\t\t\t<\/div>\n\t\t\t\t\t<\/div>\n\t\t\t\t<\/div>\n\t\t<div class=\"elementor-element elementor-element-9556584 e-flex e-con-boxed e-con e-parent\" data-id=\"9556584\" data-element_type=\"container\" data-settings=\"{&quot;content_width&quot;:&quot;boxed&quot;}\" data-core-v316-plus=\"true\">\n\t\t\t\t\t<div class=\"e-con-inner\">\n\t\t<div class=\"elementor-element elementor-element-e3bc66e e-con-full e-flex e-con e-child\" data-id=\"e3bc66e\" data-element_type=\"container\" data-settings=\"{&quot;content_width&quot;:&quot;full&quot;}\">\n\t\t\t\t<div class=\"elementor-element elementor-element-9b7741d elementor-widget elementor-widget-image\" data-id=\"9b7741d\" data-element_type=\"widget\" data-widget_type=\"image.default\">\n\t\t\t\t<div class=\"elementor-widget-container\">\n\t\t\t\t\t\t\t\t\t\t\t\t\t\t\t<img loading=\"lazy\" decoding=\"async\" width=\"150\" height=\"150\" src=\"https:\/\/dihse.es\/wp-content\/uploads\/2024\/11\/Logo-CIM-5-05-1-1-150x150.png\" class=\"attachment-thumbnail size-thumbnail wp-image-3673\" alt=\"\" \/>\t\t\t\t\t\t\t\t\t\t\t\t\t\t\t<\/div>\n\t\t\t\t<\/div>\n\t\t\t\t<\/div>\n\t\t<div class=\"elementor-element elementor-element-375e2a9 e-con-full e-flex e-con e-child\" data-id=\"375e2a9\" data-element_type=\"container\" data-settings=\"{&quot;content_width&quot;:&quot;full&quot;}\">\n\t\t\t\t<div class=\"elementor-element elementor-element-ff566fa elementor-widget elementor-widget-image\" data-id=\"ff566fa\" data-element_type=\"widget\" data-widget_type=\"image.default\">\n\t\t\t\t<div class=\"elementor-widget-container\">\n\t\t\t\t\t\t\t\t\t\t\t\t\t\t\t<img loading=\"lazy\" decoding=\"async\" width=\"300\" height=\"152\" src=\"https:\/\/dihse.es\/wp-content\/uploads\/2025\/11\/logo-vector-caja-rural-de-zamora-1-300x152.jpg\" class=\"attachment-medium size-medium wp-image-11594\" alt=\"\" srcset=\"https:\/\/dihse.es\/wp-content\/uploads\/2025\/11\/logo-vector-caja-rural-de-zamora-1-300x152.jpg 300w, https:\/\/dihse.es\/wp-content\/uploads\/2025\/11\/logo-vector-caja-rural-de-zamora-1.jpg 630w\" sizes=\"(max-width: 300px) 100vw, 300px\" \/>\t\t\t\t\t\t\t\t\t\t\t\t\t\t\t<\/div>\n\t\t\t\t<\/div>\n\t\t\t\t<\/div>\n\t\t<div class=\"elementor-element elementor-element-ab16463 e-con-full e-flex e-con e-child\" data-id=\"ab16463\" data-element_type=\"container\" data-settings=\"{&quot;content_width&quot;:&quot;full&quot;}\">\n\t\t\t\t<div class=\"elementor-element elementor-element-424cc82 elementor-widget elementor-widget-image\" data-id=\"424cc82\" data-element_type=\"widget\" data-widget_type=\"image.default\">\n\t\t\t\t<div class=\"elementor-widget-container\">\n\t\t\t\t\t\t\t\t\t\t\t\t\t\t\t<img loading=\"lazy\" decoding=\"async\" width=\"1024\" height=\"322\" src=\"https:\/\/dihse.es\/wp-content\/uploads\/2024\/11\/logo-Fundacio\u0301n-UBU-1024x322-1-1.jpg\" class=\"attachment-1536x1536 size-1536x1536 wp-image-3691\" alt=\"\" srcset=\"https:\/\/dihse.es\/wp-content\/uploads\/2024\/11\/logo-Fundacio\u0301n-UBU-1024x322-1-1.jpg 1024w, https:\/\/dihse.es\/wp-content\/uploads\/2024\/11\/logo-Fundacio\u0301n-UBU-1024x322-1-1-300x94.jpg 300w, https:\/\/dihse.es\/wp-content\/uploads\/2024\/11\/logo-Fundacio\u0301n-UBU-1024x322-1-1-768x242.jpg 768w\" sizes=\"(max-width: 1024px) 100vw, 1024px\" \/>\t\t\t\t\t\t\t\t\t\t\t\t\t\t\t<\/div>\n\t\t\t\t<\/div>\n\t\t\t\t<\/div>\n\t\t<div class=\"elementor-element elementor-element-18414de e-con-full e-flex e-con e-child\" data-id=\"18414de\" data-element_type=\"container\" data-settings=\"{&quot;content_width&quot;:&quot;full&quot;}\">\n\t\t\t\t<div class=\"elementor-element elementor-element-40854e3 elementor-widget elementor-widget-image\" data-id=\"40854e3\" data-element_type=\"widget\" data-widget_type=\"image.default\">\n\t\t\t\t<div class=\"elementor-widget-container\">\n\t\t\t\t\t\t\t\t\t\t\t\t\t\t\t<img loading=\"lazy\" decoding=\"async\" width=\"150\" height=\"150\" src=\"https:\/\/dihse.es\/wp-content\/uploads\/2025\/11\/logo-territory-silver-economy-1-150x150.jpg\" class=\"attachment-thumbnail size-thumbnail wp-image-12836\" alt=\"\" \/>\t\t\t\t\t\t\t\t\t\t\t\t\t\t\t<\/div>\n\t\t\t\t<\/div>\n\t\t\t\t<\/div>\n\t\t\t\t\t<\/div>\n\t\t\t\t<\/div>\n\t\t\t\t\t\t\t<\/div>\n\t\t","protected":false},"excerpt":{"rendered":"<p>Responsable del tratamiento Los datos de car\u00e1cter personal que puedan ser recabados directamente del interesado ser\u00e1n tratados de forma confidencial [&hellip;]<\/p>\n","protected":false},"author":1,"featured_media":0,"parent":0,"menu_order":0,"comment_status":"closed","ping_status":"open","template":"","meta":{"footnotes":""},"class_list":["post-2740","page","type-page","status-publish","hentry"],"_links":{"self":[{"href":"https:\/\/dihse.es\/es\/wp-json\/wp\/v2\/pages\/2740","targetHints":{"allow":["GET"]}}],"collection":[{"href":"https:\/\/dihse.es\/es\/wp-json\/wp\/v2\/pages"}],"about":[{"href":"https:\/\/dihse.es\/es\/wp-json\/wp\/v2\/types\/page"}],"author":[{"embeddable":true,"href":"https:\/\/dihse.es\/es\/wp-json\/wp\/v2\/users\/1"}],"replies":[{"embeddable":true,"href":"https:\/\/dihse.es\/es\/wp-json\/wp\/v2\/comments?post=2740"}],"version-history":[{"count":16,"href":"https:\/\/dihse.es\/es\/wp-json\/wp\/v2\/pages\/2740\/revisions"}],"predecessor-version":[{"id":15941,"href":"https:\/\/dihse.es\/es\/wp-json\/wp\/v2\/pages\/2740\/revisions\/15941"}],"wp:attachment":[{"href":"https:\/\/dihse.es\/es\/wp-json\/wp\/v2\/media?parent=2740"}],"curies":[{"name":"wp","href":"https:\/\/api.w.org\/{rel}","templated":true}]}}