{"id":9169,"date":"2025-04-01T10:10:19","date_gmt":"2025-04-01T10:10:19","guid":{"rendered":"https:\/\/dihse.es\/?page_id=9169"},"modified":"2025-11-19T09:33:51","modified_gmt":"2025-11-19T09:33:51","slug":"innov_accion","status":"publish","type":"page","link":"https:\/\/dihse.es\/es\/innov_accion\/","title":{"rendered":"INNOV_ACCI\u00d3N"},"content":{"rendered":"\t\t<div data-elementor-type=\"wp-page\" data-elementor-id=\"9169\" class=\"elementor elementor-9169 elementor-9058\" data-elementor-post-type=\"page\">\n\t\t\t\t\t\t\t<div class=\"elementor-element elementor-element-7eacb8e e-flex e-con-boxed e-con e-parent\" data-id=\"7eacb8e\" data-element_type=\"container\" data-settings=\"{&quot;content_width&quot;:&quot;boxed&quot;}\" data-core-v316-plus=\"true\">\n\t\t\t\t\t<div class=\"e-con-inner\">\n\t\t\t\t<div class=\"elementor-element elementor-element-45de6bf elementor-widget elementor-widget-text-editor\" data-id=\"45de6bf\" data-element_type=\"widget\" data-widget_type=\"text-editor.default\">\n\t\t\t\t<div class=\"elementor-widget-container\">\n\t\t\t<style>\/*! elementor - v3.18.0 - 20-12-2023 *\/\n.elementor-widget-text-editor.elementor-drop-cap-view-stacked .elementor-drop-cap{background-color:#69727d;color:#fff}.elementor-widget-text-editor.elementor-drop-cap-view-framed .elementor-drop-cap{color:#69727d;border:3px solid;background-color:transparent}.elementor-widget-text-editor:not(.elementor-drop-cap-view-default) .elementor-drop-cap{margin-top:8px}.elementor-widget-text-editor:not(.elementor-drop-cap-view-default) .elementor-drop-cap-letter{width:1em;height:1em}.elementor-widget-text-editor .elementor-drop-cap{float:left;text-align:center;line-height:1;font-size:50px}.elementor-widget-text-editor .elementor-drop-cap-letter{display:inline-block}<\/style>\t\t\t\t<h2><strong>Gu\u00eda de ayudas, financiaci\u00f3n, subvenciones y soluciones en mercados internacionales, a trav\u00e9s de la innovaci\u00f3n y el desarrollo tecnol\u00f3gico.\u00a0<\/strong><\/h2>\t\t\t\t\t\t<\/div>\n\t\t\t\t<\/div>\n\t\t\t\t\t<\/div>\n\t\t\t\t<\/div>\n\t\t<div class=\"elementor-element elementor-element-65a496a e-flex e-con-boxed e-con e-parent\" data-id=\"65a496a\" data-element_type=\"container\" data-settings=\"{&quot;content_width&quot;:&quot;boxed&quot;}\" data-core-v316-plus=\"true\">\n\t\t\t\t\t<div class=\"e-con-inner\">\n\t\t\t\t<div class=\"elementor-element elementor-element-1a3afec elementor-widget elementor-widget-text-editor\" data-id=\"1a3afec\" data-element_type=\"widget\" data-widget_type=\"text-editor.default\">\n\t\t\t\t<div class=\"elementor-widget-container\">\n\t\t\t\t\t\t\t<p>El pr\u00f3ximo martes 8 de abril en las Salas Polivalentes del Teatro Ramos Carri\u00f3n de Zamora, el \u00e1rea de Fondos Europeos y Emprendimiento de la Diputaci\u00f3n de Zamora, organiza este encuentro empresarial junto con Caja Rural de Zamora que tiene por objeto informar y presentar todas las ayudas, subvenciones y soluciones para optimizar las capacidades financieras y de solvencia que la empresa puede contraer. \u00a0Todo ello en el marco del proyecto europeo DIH_SE: Digital Innovation Hub Silver Economy POCTEP-INTERREG.<\/p>\t\t\t\t\t\t<\/div>\n\t\t\t\t<\/div>\n\t\t\t\t\t<\/div>\n\t\t\t\t<\/div>\n\t\t<div class=\"elementor-element elementor-element-a0023be e-flex e-con-boxed e-con e-parent\" data-id=\"a0023be\" data-element_type=\"container\" data-settings=\"{&quot;content_width&quot;:&quot;boxed&quot;}\" data-core-v316-plus=\"true\">\n\t\t\t\t\t<div class=\"e-con-inner\">\n\t\t\t\t<div class=\"elementor-element elementor-element-b960045 elementor-widget elementor-widget-image\" data-id=\"b960045\" data-element_type=\"widget\" data-widget_type=\"image.default\">\n\t\t\t\t<div class=\"elementor-widget-container\">\n\t\t\t<style>\/*! elementor - v3.18.0 - 20-12-2023 *\/\n.elementor-widget-image{text-align:center}.elementor-widget-image a{display:inline-block}.elementor-widget-image a img[src$=\".svg\"]{width:48px}.elementor-widget-image img{vertical-align:middle;display:inline-block}<\/style>\t\t\t\t\t\t\t\t\t\t\t\t<img fetchpriority=\"high\" decoding=\"async\" width=\"300\" height=\"178\" src=\"https:\/\/dihse.es\/wp-content\/uploads\/2025\/04\/thumbnail_image-300x178.png\" class=\"attachment-medium size-medium wp-image-9280\" alt=\"\" srcset=\"https:\/\/dihse.es\/wp-content\/uploads\/2025\/04\/thumbnail_image-300x178.png 300w, https:\/\/dihse.es\/wp-content\/uploads\/2025\/04\/thumbnail_image-768x456.png 768w, https:\/\/dihse.es\/wp-content\/uploads\/2025\/04\/thumbnail_image.png 815w\" sizes=\"(max-width: 300px) 100vw, 300px\" \/>\t\t\t\t\t\t\t\t\t\t\t\t\t\t\t<\/div>\n\t\t\t\t<\/div>\n\t\t\t\t\t<\/div>\n\t\t\t\t<\/div>\n\t\t<div class=\"elementor-element elementor-element-26c39d3 e-con-full e-flex e-con e-parent\" data-id=\"26c39d3\" data-element_type=\"container\" data-settings=\"{&quot;content_width&quot;:&quot;full&quot;}\" data-core-v316-plus=\"true\">\n\t\t\t\t<div class=\"elementor-element elementor-element-94b06cc elementor-widget elementor-widget-image\" data-id=\"94b06cc\" data-element_type=\"widget\" data-widget_type=\"image.default\">\n\t\t\t\t<div class=\"elementor-widget-container\">\n\t\t\t\t\t\t\t\t\t\t\t\t\t\t\t<img decoding=\"async\" width=\"768\" height=\"1086\" src=\"https:\/\/dihse.es\/wp-content\/uploads\/2025\/04\/1100-horas-2-768x1086.png\" class=\"attachment-medium_large size-medium_large wp-image-9386\" alt=\"\" srcset=\"https:\/\/dihse.es\/wp-content\/uploads\/2025\/04\/1100-horas-2-768x1086.png 768w, https:\/\/dihse.es\/wp-content\/uploads\/2025\/04\/1100-horas-2-212x300.png 212w, https:\/\/dihse.es\/wp-content\/uploads\/2025\/04\/1100-horas-2-724x1024.png 724w, https:\/\/dihse.es\/wp-content\/uploads\/2025\/04\/1100-horas-2-1086x1536.png 1086w, https:\/\/dihse.es\/wp-content\/uploads\/2025\/04\/1100-horas-2-1448x2048.png 1448w, https:\/\/dihse.es\/wp-content\/uploads\/2025\/04\/1100-horas-2.png 1587w\" sizes=\"(max-width: 768px) 100vw, 768px\" \/>\t\t\t\t\t\t\t\t\t\t\t\t\t\t\t<\/div>\n\t\t\t\t<\/div>\n\t\t\t\t<\/div>\n\t\t<div class=\"elementor-element elementor-element-f6a2e01 e-flex e-con-boxed e-con e-parent\" data-id=\"f6a2e01\" data-element_type=\"container\" data-settings=\"{&quot;content_width&quot;:&quot;boxed&quot;}\" data-core-v316-plus=\"true\">\n\t\t\t\t\t<div class=\"e-con-inner\">\n\t\t\t\t<div class=\"elementor-element elementor-element-80fc065 elementor-widget elementor-widget-text-editor\" data-id=\"80fc065\" data-element_type=\"widget\" data-widget_type=\"text-editor.default\">\n\t\t\t\t<div class=\"elementor-widget-container\">\n\t\t\t\t\t\t\t<p><span style=\"text-align: justify;\">El prop\u00f3sito de este encuentro es conocer los diferentes instrumentos y capacidades que las administraciones y el mercado financiero pueden ofrecer a las empresas, as\u00ed como los\u00a0programas y l\u00edneas de financiaci\u00f3n p\u00fablica\u00a0que est\u00e1 pone a disposici\u00f3n de la sociedad, adem\u00e1s de informar aquellas empresas que vayan a invertir en tecnolog\u00eda o nuevos sistemas de producci\u00f3n de cualquier sector productivo o tecnol\u00f3gico podr\u00e1\u00a0 ser atendido por CDTI, para incentivar y fomentar iniciativas que permitan a las empresas liderar en mercados internacionales, \u00a0a trav\u00e9s de \u00a0la innovaci\u00f3n y el desarrollo tecnol\u00f3gico, desarrollando programas e instrumentos y canalizando las solicitudes de ayuda y apoyo a los proyectos de I+D+I de empresas espa\u00f1olas en los \u00e1mbitos estatal e internacional, contribuyendo as\u00ed a la capacitaci\u00f3n y a la mejora del nivel tecnol\u00f3gico de las empresas<\/span><\/p>\t\t\t\t\t\t<\/div>\n\t\t\t\t<\/div>\n\t\t\t\t<div class=\"elementor-element elementor-element-efcf52f elementor-widget elementor-widget-video\" data-id=\"efcf52f\" data-element_type=\"widget\" data-settings=\"{&quot;youtube_url&quot;:&quot;https:\\\/\\\/www.youtube.com\\\/watch?v=-R1BIN5LpNs&quot;,&quot;video_type&quot;:&quot;youtube&quot;,&quot;controls&quot;:&quot;yes&quot;}\" data-widget_type=\"video.default\">\n\t\t\t\t<div class=\"elementor-widget-container\">\n\t\t\t<style>\/*! elementor - v3.18.0 - 20-12-2023 *\/\n.elementor-widget-video .elementor-widget-container{overflow:hidden;transform:translateZ(0)}.elementor-widget-video .elementor-wrapper{aspect-ratio:var(--video-aspect-ratio)}.elementor-widget-video .elementor-wrapper iframe,.elementor-widget-video .elementor-wrapper video{height:100%;width:100%;display:flex;border:none;background-color:#000}@supports not (aspect-ratio:1\/1){.elementor-widget-video .elementor-wrapper{position:relative;overflow:hidden;height:0;padding-bottom:calc(100% \/ var(--video-aspect-ratio))}.elementor-widget-video .elementor-wrapper iframe,.elementor-widget-video .elementor-wrapper video{position:absolute;top:0;right:0;bottom:0;left:0}}.elementor-widget-video .elementor-open-inline .elementor-custom-embed-image-overlay{position:absolute;top:0;right:0;bottom:0;left:0;background-size:cover;background-position:50%}.elementor-widget-video .elementor-custom-embed-image-overlay{cursor:pointer;text-align:center}.elementor-widget-video .elementor-custom-embed-image-overlay:hover .elementor-custom-embed-play i{opacity:1}.elementor-widget-video .elementor-custom-embed-image-overlay img{display:block;width:100%;aspect-ratio:var(--video-aspect-ratio);-o-object-fit:cover;object-fit:cover;-o-object-position:center center;object-position:center center}@supports not (aspect-ratio:1\/1){.elementor-widget-video .elementor-custom-embed-image-overlay{position:relative;overflow:hidden;height:0;padding-bottom:calc(100% \/ var(--video-aspect-ratio))}.elementor-widget-video .elementor-custom-embed-image-overlay img{position:absolute;top:0;right:0;bottom:0;left:0}}.elementor-widget-video .e-hosted-video .elementor-video{-o-object-fit:cover;object-fit:cover}.e-con-inner>.elementor-widget-video,.e-con>.elementor-widget-video{width:var(--container-widget-width);--flex-grow:var(--container-widget-flex-grow)}<\/style>\t\t<div class=\"elementor-wrapper elementor-open-inline\">\n\t\t\t<div class=\"elementor-video\"><\/div>\t\t<\/div>\n\t\t\t\t<\/div>\n\t\t\t\t<\/div>\n\t\t\t\t\t<\/div>\n\t\t\t\t<\/div>\n\t\t\t\t<section class=\"elementor-section elementor-top-section elementor-element elementor-element-f707aa5 elementor-section-content-middle elementor-section-boxed elementor-section-height-default elementor-section-height-default\" data-id=\"f707aa5\" data-element_type=\"section\">\n\t\t\t\t\t\t<div class=\"elementor-container elementor-column-gap-default\">\n\t\t\t\t\t<div class=\"elementor-column elementor-col-25 elementor-top-column elementor-element elementor-element-0265bf8\" data-id=\"0265bf8\" data-element_type=\"column\">\n\t\t\t<div class=\"elementor-widget-wrap elementor-element-populated\">\n\t\t\t\t\t\t\t\t<div class=\"elementor-element elementor-element-7b9d711 elementor-widget elementor-widget-image\" data-id=\"7b9d711\" data-element_type=\"widget\" data-widget_type=\"image.default\">\n\t\t\t\t<div class=\"elementor-widget-container\">\n\t\t\t\t\t\t\t\t\t\t\t\t\t\t\t\t<a href=\"#\" target=\"_blank\">\n\t\t\t\t\t\t\t<img decoding=\"async\" width=\"768\" height=\"232\" src=\"https:\/\/dihse.es\/wp-content\/uploads\/2024\/11\/Interreg-Logo-Espana-Portugal-CMYK-Color-03-768x232.jpg\" class=\"attachment-medium_large size-medium_large wp-image-3637\" alt=\"\" srcset=\"https:\/\/dihse.es\/wp-content\/uploads\/2024\/11\/Interreg-Logo-Espana-Portugal-CMYK-Color-03-768x232.jpg 768w, https:\/\/dihse.es\/wp-content\/uploads\/2024\/11\/Interreg-Logo-Espana-Portugal-CMYK-Color-03-300x90.jpg 300w, https:\/\/dihse.es\/wp-content\/uploads\/2024\/11\/Interreg-Logo-Espana-Portugal-CMYK-Color-03-1024x309.jpg 1024w, https:\/\/dihse.es\/wp-content\/uploads\/2024\/11\/Interreg-Logo-Espana-Portugal-CMYK-Color-03-1536x463.jpg 1536w, https:\/\/dihse.es\/wp-content\/uploads\/2024\/11\/Interreg-Logo-Espana-Portugal-CMYK-Color-03.jpg 1903w\" sizes=\"(max-width: 768px) 100vw, 768px\" \/>\t\t\t\t\t\t\t\t<\/a>\n\t\t\t\t\t\t\t\t\t\t\t\t\t\t\t<\/div>\n\t\t\t\t<\/div>\n\t\t\t\t\t<\/div>\n\t\t<\/div>\n\t\t\t\t<div class=\"elementor-column elementor-col-25 elementor-top-column elementor-element elementor-element-c7a1457\" data-id=\"c7a1457\" data-element_type=\"column\">\n\t\t\t<div class=\"elementor-widget-wrap elementor-element-populated\">\n\t\t\t\t\t\t\t\t<div class=\"elementor-element elementor-element-a595b83 elementor-widget elementor-widget-image\" data-id=\"a595b83\" data-element_type=\"widget\" data-widget_type=\"image.default\">\n\t\t\t\t<div class=\"elementor-widget-container\">\n\t\t\t\t\t\t\t\t\t\t\t\t\t\t\t\t<a href=\"#\" target=\"_blank\">\n\t\t\t\t\t\t\t<img loading=\"lazy\" decoding=\"async\" width=\"300\" height=\"136\" src=\"https:\/\/dihse.es\/wp-content\/uploads\/2024\/11\/Diputacion-Zamora-Logo-2020-2H-color-1-300x136.png\" class=\"attachment-medium size-medium wp-image-3646\" alt=\"\" srcset=\"https:\/\/dihse.es\/wp-content\/uploads\/2024\/11\/Diputacion-Zamora-Logo-2020-2H-color-1-300x136.png 300w, https:\/\/dihse.es\/wp-content\/uploads\/2024\/11\/Diputacion-Zamora-Logo-2020-2H-color-1-1024x464.png 1024w, https:\/\/dihse.es\/wp-content\/uploads\/2024\/11\/Diputacion-Zamora-Logo-2020-2H-color-1-768x348.png 768w, https:\/\/dihse.es\/wp-content\/uploads\/2024\/11\/Diputacion-Zamora-Logo-2020-2H-color-1-1536x696.png 1536w, https:\/\/dihse.es\/wp-content\/uploads\/2024\/11\/Diputacion-Zamora-Logo-2020-2H-color-1.png 1982w\" sizes=\"(max-width: 300px) 100vw, 300px\" \/>\t\t\t\t\t\t\t\t<\/a>\n\t\t\t\t\t\t\t\t\t\t\t\t\t\t\t<\/div>\n\t\t\t\t<\/div>\n\t\t\t\t\t<\/div>\n\t\t<\/div>\n\t\t\t\t<div class=\"elementor-column elementor-col-25 elementor-top-column elementor-element elementor-element-fc01c13\" data-id=\"fc01c13\" data-element_type=\"column\">\n\t\t\t<div class=\"elementor-widget-wrap elementor-element-populated\">\n\t\t\t\t\t\t\t\t<div class=\"elementor-element elementor-element-6b980c6 elementor-widget elementor-widget-image\" data-id=\"6b980c6\" data-element_type=\"widget\" data-widget_type=\"image.default\">\n\t\t\t\t<div class=\"elementor-widget-container\">\n\t\t\t\t\t\t\t\t\t\t\t\t\t\t\t\t<a href=\"#\" target=\"_blank\">\n\t\t\t\t\t\t\t<img loading=\"lazy\" decoding=\"async\" width=\"190\" height=\"67\" src=\"https:\/\/dihse.es\/wp-content\/uploads\/2024\/11\/logo.png\" class=\"attachment-medium size-medium wp-image-3655\" alt=\"\" \/>\t\t\t\t\t\t\t\t<\/a>\n\t\t\t\t\t\t\t\t\t\t\t\t\t\t\t<\/div>\n\t\t\t\t<\/div>\n\t\t\t\t\t<\/div>\n\t\t<\/div>\n\t\t\t\t<div class=\"elementor-column elementor-col-25 elementor-top-column elementor-element elementor-element-b34f704\" data-id=\"b34f704\" data-element_type=\"column\">\n\t\t\t<div class=\"elementor-widget-wrap elementor-element-populated\">\n\t\t\t\t\t\t\t\t<div class=\"elementor-element elementor-element-18148b8 elementor-widget elementor-widget-image\" data-id=\"18148b8\" data-element_type=\"widget\" data-widget_type=\"image.default\">\n\t\t\t\t<div class=\"elementor-widget-container\">\n\t\t\t\t\t\t\t\t\t\t\t\t\t\t\t\t<a href=\"#\" target=\"_blank\">\n\t\t\t\t\t\t\t<img loading=\"lazy\" decoding=\"async\" width=\"300\" height=\"123\" src=\"https:\/\/dihse.es\/wp-content\/uploads\/2024\/11\/Marca_Bragan_a_Assinatura_Complementar-300x123.jpg\" class=\"attachment-medium size-medium wp-image-3664\" alt=\"\" srcset=\"https:\/\/dihse.es\/wp-content\/uploads\/2024\/11\/Marca_Bragan_a_Assinatura_Complementar-300x123.jpg 300w, https:\/\/dihse.es\/wp-content\/uploads\/2024\/11\/Marca_Bragan_a_Assinatura_Complementar-1024x420.jpg 1024w, https:\/\/dihse.es\/wp-content\/uploads\/2024\/11\/Marca_Bragan_a_Assinatura_Complementar-768x315.jpg 768w, https:\/\/dihse.es\/wp-content\/uploads\/2024\/11\/Marca_Bragan_a_Assinatura_Complementar.jpg 1182w\" sizes=\"(max-width: 300px) 100vw, 300px\" \/>\t\t\t\t\t\t\t\t<\/a>\n\t\t\t\t\t\t\t\t\t\t\t\t\t\t\t<\/div>\n\t\t\t\t<\/div>\n\t\t\t\t\t<\/div>\n\t\t<\/div>\n\t\t\t\t\t\t\t<\/div>\n\t\t<\/section>\n\t\t\t\t<section class=\"elementor-section elementor-top-section elementor-element elementor-element-64dc9d6 elementor-section-content-middle elementor-section-boxed elementor-section-height-default elementor-section-height-default\" data-id=\"64dc9d6\" data-element_type=\"section\">\n\t\t\t\t\t\t<div class=\"elementor-container elementor-column-gap-default\">\n\t\t\t\t\t<div class=\"elementor-column elementor-col-25 elementor-top-column elementor-element elementor-element-35a2493\" data-id=\"35a2493\" data-element_type=\"column\">\n\t\t\t<div class=\"elementor-widget-wrap elementor-element-populated\">\n\t\t\t\t\t\t\t\t<div class=\"elementor-element elementor-element-e44cb36 elementor-widget elementor-widget-image\" data-id=\"e44cb36\" data-element_type=\"widget\" data-widget_type=\"image.default\">\n\t\t\t\t<div class=\"elementor-widget-container\">\n\t\t\t\t\t\t\t\t\t\t\t\t\t\t\t\t<a href=\"#\" target=\"_blank\">\n\t\t\t\t\t\t\t<img loading=\"lazy\" decoding=\"async\" width=\"150\" height=\"150\" src=\"https:\/\/dihse.es\/wp-content\/uploads\/2024\/11\/Logo-CIM-5-05-1-1-150x150.png\" class=\"attachment-thumbnail size-thumbnail wp-image-3673\" alt=\"\" \/>\t\t\t\t\t\t\t\t<\/a>\n\t\t\t\t\t\t\t\t\t\t\t\t\t\t\t<\/div>\n\t\t\t\t<\/div>\n\t\t\t\t\t<\/div>\n\t\t<\/div>\n\t\t\t\t<div class=\"elementor-column elementor-col-25 elementor-top-column elementor-element elementor-element-c09d262\" data-id=\"c09d262\" data-element_type=\"column\">\n\t\t\t<div class=\"elementor-widget-wrap elementor-element-populated\">\n\t\t\t\t\t\t\t\t<div class=\"elementor-element elementor-element-5a585cf elementor-widget elementor-widget-image\" data-id=\"5a585cf\" data-element_type=\"widget\" data-widget_type=\"image.default\">\n\t\t\t\t<div class=\"elementor-widget-container\">\n\t\t\t\t\t\t\t\t\t\t\t\t\t\t\t\t<a href=\"#\" target=\"_blank\">\n\t\t\t\t\t\t\t<img loading=\"lazy\" decoding=\"async\" width=\"300\" height=\"152\" src=\"https:\/\/dihse.es\/wp-content\/uploads\/2024\/11\/logo-vector-caja-rural-de-zamora-1-300x152.jpg\" class=\"attachment-medium size-medium wp-image-3682\" alt=\"\" srcset=\"https:\/\/dihse.es\/wp-content\/uploads\/2024\/11\/logo-vector-caja-rural-de-zamora-1-300x152.jpg 300w, https:\/\/dihse.es\/wp-content\/uploads\/2024\/11\/logo-vector-caja-rural-de-zamora-1.jpg 630w\" sizes=\"(max-width: 300px) 100vw, 300px\" \/>\t\t\t\t\t\t\t\t<\/a>\n\t\t\t\t\t\t\t\t\t\t\t\t\t\t\t<\/div>\n\t\t\t\t<\/div>\n\t\t\t\t\t<\/div>\n\t\t<\/div>\n\t\t\t\t<div class=\"elementor-column elementor-col-25 elementor-top-column elementor-element elementor-element-508c799\" data-id=\"508c799\" data-element_type=\"column\">\n\t\t\t<div class=\"elementor-widget-wrap elementor-element-populated\">\n\t\t\t\t\t\t\t\t<div class=\"elementor-element elementor-element-870c7f1 elementor-widget elementor-widget-image\" data-id=\"870c7f1\" data-element_type=\"widget\" data-widget_type=\"image.default\">\n\t\t\t\t<div class=\"elementor-widget-container\">\n\t\t\t\t\t\t\t\t\t\t\t\t\t\t\t\t<a href=\"#\" target=\"_blank\">\n\t\t\t\t\t\t\t<img loading=\"lazy\" decoding=\"async\" width=\"1024\" height=\"322\" src=\"https:\/\/dihse.es\/wp-content\/uploads\/2024\/11\/logo-Fundacio\u0301n-UBU-1024x322-1-1.jpg\" class=\"attachment-large size-large wp-image-3691\" alt=\"\" srcset=\"https:\/\/dihse.es\/wp-content\/uploads\/2024\/11\/logo-Fundacio\u0301n-UBU-1024x322-1-1.jpg 1024w, https:\/\/dihse.es\/wp-content\/uploads\/2024\/11\/logo-Fundacio\u0301n-UBU-1024x322-1-1-300x94.jpg 300w, https:\/\/dihse.es\/wp-content\/uploads\/2024\/11\/logo-Fundacio\u0301n-UBU-1024x322-1-1-768x242.jpg 768w\" sizes=\"(max-width: 1024px) 100vw, 1024px\" \/>\t\t\t\t\t\t\t\t<\/a>\n\t\t\t\t\t\t\t\t\t\t\t\t\t\t\t<\/div>\n\t\t\t\t<\/div>\n\t\t\t\t\t<\/div>\n\t\t<\/div>\n\t\t\t\t<div class=\"elementor-column elementor-col-25 elementor-top-column elementor-element elementor-element-d215680\" data-id=\"d215680\" data-element_type=\"column\">\n\t\t\t<div class=\"elementor-widget-wrap elementor-element-populated\">\n\t\t\t\t\t\t\t\t<div class=\"elementor-element elementor-element-2533e0e elementor-widget elementor-widget-image\" data-id=\"2533e0e\" data-element_type=\"widget\" data-widget_type=\"image.default\">\n\t\t\t\t<div class=\"elementor-widget-container\">\n\t\t\t\t\t\t\t\t\t\t\t\t\t\t\t\t<a href=\"#\" target=\"_blank\">\n\t\t\t\t\t\t\t<img loading=\"lazy\" decoding=\"async\" width=\"150\" height=\"150\" src=\"https:\/\/dihse.es\/wp-content\/uploads\/2024\/11\/logo-territory-silver-economy-1-150x150.jpg\" class=\"attachment-thumbnail size-thumbnail wp-image-3700\" alt=\"\" \/>\t\t\t\t\t\t\t\t<\/a>\n\t\t\t\t\t\t\t\t\t\t\t\t\t\t\t<\/div>\n\t\t\t\t<\/div>\n\t\t\t\t\t<\/div>\n\t\t<\/div>\n\t\t\t\t\t\t\t<\/div>\n\t\t<\/section>\n\t\t\t\t\t\t\t<\/div>\n\t\t","protected":false},"excerpt":{"rendered":"<p>Gu\u00eda de ayudas, financiaci\u00f3n, subvenciones y soluciones en mercados internacionales, a trav\u00e9s de la innovaci\u00f3n y el desarrollo tecnol\u00f3gico.\u00a0 El [&hellip;]<\/p>\n","protected":false},"author":7,"featured_media":0,"parent":0,"menu_order":0,"comment_status":"closed","ping_status":"closed","template":"","meta":{"footnotes":""},"class_list":["post-9169","page","type-page","status-publish","hentry"],"_links":{"self":[{"href":"https:\/\/dihse.es\/es\/wp-json\/wp\/v2\/pages\/9169","targetHints":{"allow":["GET"]}}],"collection":[{"href":"https:\/\/dihse.es\/es\/wp-json\/wp\/v2\/pages"}],"about":[{"href":"https:\/\/dihse.es\/es\/wp-json\/wp\/v2\/types\/page"}],"author":[{"embeddable":true,"href":"https:\/\/dihse.es\/es\/wp-json\/wp\/v2\/users\/7"}],"replies":[{"embeddable":true,"href":"https:\/\/dihse.es\/es\/wp-json\/wp\/v2\/comments?post=9169"}],"version-history":[{"count":24,"href":"https:\/\/dihse.es\/es\/wp-json\/wp\/v2\/pages\/9169\/revisions"}],"predecessor-version":[{"id":12959,"href":"https:\/\/dihse.es\/es\/wp-json\/wp\/v2\/pages\/9169\/revisions\/12959"}],"wp:attachment":[{"href":"https:\/\/dihse.es\/es\/wp-json\/wp\/v2\/media?parent=9169"}],"curies":[{"name":"wp","href":"https:\/\/api.w.org\/{rel}","templated":true}]}}