{"id":9686,"date":"2025-10-15T11:32:13","date_gmt":"2025-10-15T11:32:13","guid":{"rendered":"https:\/\/dihse.es\/?page_id=9686"},"modified":"2025-11-17T11:35:14","modified_gmt":"2025-11-17T11:35:14","slug":"libro-blanco","status":"publish","type":"page","link":"https:\/\/dihse.es\/es\/libro-blanco\/","title":{"rendered":"Libro blanco"},"content":{"rendered":"\t\t<div data-elementor-type=\"wp-page\" data-elementor-id=\"9686\" class=\"elementor elementor-9686\" data-elementor-post-type=\"page\">\n\t\t\t\t\t\t\t<div class=\"elementor-element elementor-element-01ae24c e-flex e-con-boxed e-con e-parent\" data-id=\"01ae24c\" data-element_type=\"container\" data-settings=\"{&quot;content_width&quot;:&quot;boxed&quot;}\" data-core-v316-plus=\"true\">\n\t\t\t\t\t<div class=\"e-con-inner\">\n\t\t\t\t<div class=\"elementor-element elementor-element-e34e31f elementor-widget elementor-widget-heading\" data-id=\"e34e31f\" data-element_type=\"widget\" data-widget_type=\"heading.default\">\n\t\t\t\t<div class=\"elementor-widget-container\">\n\t\t\t<style>\/*! elementor - v3.18.0 - 20-12-2023 *\/\n.elementor-heading-title{padding:0;margin:0;line-height:1}.elementor-widget-heading .elementor-heading-title[class*=elementor-size-]>a{color:inherit;font-size:inherit;line-height:inherit}.elementor-widget-heading .elementor-heading-title.elementor-size-small{font-size:15px}.elementor-widget-heading .elementor-heading-title.elementor-size-medium{font-size:19px}.elementor-widget-heading .elementor-heading-title.elementor-size-large{font-size:29px}.elementor-widget-heading .elementor-heading-title.elementor-size-xl{font-size:39px}.elementor-widget-heading .elementor-heading-title.elementor-size-xxl{font-size:59px}<\/style><h2 class=\"elementor-heading-title elementor-size-default\"><a href=\"https:\/\/dihse.es\/es\/doce-claves-de-la-silver-economy\/\">12 CLAVES DE LA SILVER ECONOMY<\/a><\/h2>\t\t<\/div>\n\t\t\t\t<\/div>\n\t\t\t\t<div class=\"elementor-element elementor-element-5a1a013 elementor-widget elementor-widget-text-editor\" data-id=\"5a1a013\" data-element_type=\"widget\" data-widget_type=\"text-editor.default\">\n\t\t\t\t<div class=\"elementor-widget-container\">\n\t\t\t<style>\/*! elementor - v3.18.0 - 20-12-2023 *\/\n.elementor-widget-text-editor.elementor-drop-cap-view-stacked .elementor-drop-cap{background-color:#69727d;color:#fff}.elementor-widget-text-editor.elementor-drop-cap-view-framed .elementor-drop-cap{color:#69727d;border:3px solid;background-color:transparent}.elementor-widget-text-editor:not(.elementor-drop-cap-view-default) .elementor-drop-cap{margin-top:8px}.elementor-widget-text-editor:not(.elementor-drop-cap-view-default) .elementor-drop-cap-letter{width:1em;height:1em}.elementor-widget-text-editor .elementor-drop-cap{float:left;text-align:center;line-height:1;font-size:50px}.elementor-widget-text-editor .elementor-drop-cap-letter{display:inline-block}<\/style>\t\t\t\t<p><strong>12 Claves de la Silver Economy es la s\u00edntesis del proyecto DIH_SE, transformada en<\/strong><br \/><strong>conocimiento vivo. Cada art\u00edculo abre una puerta a la innovaci\u00f3n, digitalizaci\u00f3n, sostenibilidad y<\/strong><br \/><strong>cooperaci\u00f3n, convirtiendo el reto del envejecimiento en una gran oportunidad. Estas claves resumen<\/strong><br \/><strong>el workplan del proyecto y lo convierten en gu\u00eda pr\u00e1ctica y transferible para empresas, instituciones y<\/strong><br \/><strong>territorios. M\u00e1s que art\u00edculos, son faros que inspiran un futuro cohesionado, humano y pr\u00f3spero en<\/strong><br \/><strong>torno a la Silver Economy.<\/strong><\/p>\t\t\t\t\t\t<\/div>\n\t\t\t\t<\/div>\n\t\t<div class=\"elementor-element elementor-element-539c0f1 e-flex e-con-boxed e-con e-child\" data-id=\"539c0f1\" data-element_type=\"container\" data-settings=\"{&quot;content_width&quot;:&quot;boxed&quot;}\">\n\t\t\t\t\t<div class=\"e-con-inner\">\n\t\t\t\t<div class=\"elementor-element elementor-element-e4e4d02 elementor-widget elementor-widget-heading\" data-id=\"e4e4d02\" data-element_type=\"widget\" data-widget_type=\"heading.default\">\n\t\t\t\t<div class=\"elementor-widget-container\">\n\t\t\t<h2 class=\"elementor-heading-title elementor-size-default\"><a href=\"https:\/\/dihse.es\/es\/latidos-de-la-silver-economy\/\">12 LATIDOS DE LA SILVER ECONOMY<\/a><\/h2>\t\t<\/div>\n\t\t\t\t<\/div>\n\t\t\t\t<div class=\"elementor-element elementor-element-8113c43 elementor-widget elementor-widget-text-editor\" data-id=\"8113c43\" data-element_type=\"widget\" data-widget_type=\"text-editor.default\">\n\t\t\t\t<div class=\"elementor-widget-container\">\n\t\t\t\t\t\t\t<p><strong>#12_LATIDOS simboliza que cada uno de los 12 art\u00edculos es un latido del coraz\u00f3n colectivo de la<\/strong><br \/><strong>Silver Economy. Cada tema \u2014desde la salud hasta la gobernanza\u2014 pulsa, siente, transforma.<\/strong><br \/><strong>Juntos, forman un cuerpo vivo, interconectado, que late al ritmo de una nueva longevidad activa,<\/strong><br \/><strong>digna y esperanzadora. Es el latir de un territorio que despierta, que siente, que escucha, que<\/strong><br \/><strong>act\u00faa, que late con fuerza, con prop\u00f3sito y con futuro<\/strong>.<\/p>\t\t\t\t\t\t<\/div>\n\t\t\t\t<\/div>\n\t\t\t\t\t<\/div>\n\t\t\t\t<\/div>\n\t\t\t\t\t<\/div>\n\t\t\t\t<\/div>\n\t\t\t\t<section class=\"elementor-section elementor-top-section elementor-element elementor-element-2ee710d elementor-section-content-middle elementor-section-boxed elementor-section-height-default elementor-section-height-default\" data-id=\"2ee710d\" data-element_type=\"section\">\n\t\t\t\t\t\t<div class=\"elementor-container elementor-column-gap-default\">\n\t\t\t\t\t<div class=\"elementor-column elementor-col-25 elementor-top-column elementor-element elementor-element-cad0d13\" data-id=\"cad0d13\" data-element_type=\"column\">\n\t\t\t<div class=\"elementor-widget-wrap elementor-element-populated\">\n\t\t\t\t\t\t\t\t<div class=\"elementor-element elementor-element-2f431d9 elementor-widget elementor-widget-image\" data-id=\"2f431d9\" data-element_type=\"widget\" data-widget_type=\"image.default\">\n\t\t\t\t<div class=\"elementor-widget-container\">\n\t\t\t<style>\/*! elementor - v3.18.0 - 20-12-2023 *\/\n.elementor-widget-image{text-align:center}.elementor-widget-image a{display:inline-block}.elementor-widget-image a img[src$=\".svg\"]{width:48px}.elementor-widget-image img{vertical-align:middle;display:inline-block}<\/style>\t\t\t\t\t\t\t\t\t\t\t\t\t<a href=\"#\" target=\"_blank\">\n\t\t\t\t\t\t\t<img fetchpriority=\"high\" decoding=\"async\" width=\"768\" height=\"232\" src=\"https:\/\/dihse.es\/wp-content\/uploads\/2024\/11\/Interreg-Logo-Espana-Portugal-CMYK-Color-03-768x232.jpg\" class=\"attachment-medium_large size-medium_large wp-image-3637\" alt=\"\" srcset=\"https:\/\/dihse.es\/wp-content\/uploads\/2024\/11\/Interreg-Logo-Espana-Portugal-CMYK-Color-03-768x232.jpg 768w, https:\/\/dihse.es\/wp-content\/uploads\/2024\/11\/Interreg-Logo-Espana-Portugal-CMYK-Color-03-300x90.jpg 300w, https:\/\/dihse.es\/wp-content\/uploads\/2024\/11\/Interreg-Logo-Espana-Portugal-CMYK-Color-03-1024x309.jpg 1024w, https:\/\/dihse.es\/wp-content\/uploads\/2024\/11\/Interreg-Logo-Espana-Portugal-CMYK-Color-03-1536x463.jpg 1536w, https:\/\/dihse.es\/wp-content\/uploads\/2024\/11\/Interreg-Logo-Espana-Portugal-CMYK-Color-03.jpg 1903w\" sizes=\"(max-width: 768px) 100vw, 768px\" \/>\t\t\t\t\t\t\t\t<\/a>\n\t\t\t\t\t\t\t\t\t\t\t\t\t\t\t<\/div>\n\t\t\t\t<\/div>\n\t\t\t\t\t<\/div>\n\t\t<\/div>\n\t\t\t\t<div class=\"elementor-column elementor-col-25 elementor-top-column elementor-element elementor-element-53feeb6\" data-id=\"53feeb6\" data-element_type=\"column\">\n\t\t\t<div class=\"elementor-widget-wrap elementor-element-populated\">\n\t\t\t\t\t\t\t\t<div class=\"elementor-element elementor-element-3a37c28 elementor-widget elementor-widget-image\" data-id=\"3a37c28\" data-element_type=\"widget\" data-widget_type=\"image.default\">\n\t\t\t\t<div class=\"elementor-widget-container\">\n\t\t\t\t\t\t\t\t\t\t\t\t\t\t\t\t<a href=\"#\" target=\"_blank\">\n\t\t\t\t\t\t\t<img decoding=\"async\" width=\"300\" height=\"136\" src=\"https:\/\/dihse.es\/wp-content\/uploads\/2024\/11\/Diputacion-Zamora-Logo-2020-2H-color-1-300x136.png\" class=\"attachment-medium size-medium wp-image-3646\" alt=\"\" srcset=\"https:\/\/dihse.es\/wp-content\/uploads\/2024\/11\/Diputacion-Zamora-Logo-2020-2H-color-1-300x136.png 300w, https:\/\/dihse.es\/wp-content\/uploads\/2024\/11\/Diputacion-Zamora-Logo-2020-2H-color-1-1024x464.png 1024w, https:\/\/dihse.es\/wp-content\/uploads\/2024\/11\/Diputacion-Zamora-Logo-2020-2H-color-1-768x348.png 768w, https:\/\/dihse.es\/wp-content\/uploads\/2024\/11\/Diputacion-Zamora-Logo-2020-2H-color-1-1536x696.png 1536w, https:\/\/dihse.es\/wp-content\/uploads\/2024\/11\/Diputacion-Zamora-Logo-2020-2H-color-1.png 1982w\" sizes=\"(max-width: 300px) 100vw, 300px\" \/>\t\t\t\t\t\t\t\t<\/a>\n\t\t\t\t\t\t\t\t\t\t\t\t\t\t\t<\/div>\n\t\t\t\t<\/div>\n\t\t\t\t\t<\/div>\n\t\t<\/div>\n\t\t\t\t<div class=\"elementor-column elementor-col-25 elementor-top-column elementor-element elementor-element-2647789\" data-id=\"2647789\" data-element_type=\"column\">\n\t\t\t<div class=\"elementor-widget-wrap elementor-element-populated\">\n\t\t\t\t\t\t\t\t<div class=\"elementor-element elementor-element-28f47c6 elementor-widget elementor-widget-image\" data-id=\"28f47c6\" data-element_type=\"widget\" data-widget_type=\"image.default\">\n\t\t\t\t<div class=\"elementor-widget-container\">\n\t\t\t\t\t\t\t\t\t\t\t\t\t\t\t\t<a href=\"#\" target=\"_blank\">\n\t\t\t\t\t\t\t<img decoding=\"async\" width=\"190\" height=\"67\" src=\"https:\/\/dihse.es\/wp-content\/uploads\/2024\/11\/logo.png\" class=\"attachment-medium size-medium wp-image-3655\" alt=\"\" \/>\t\t\t\t\t\t\t\t<\/a>\n\t\t\t\t\t\t\t\t\t\t\t\t\t\t\t<\/div>\n\t\t\t\t<\/div>\n\t\t\t\t\t<\/div>\n\t\t<\/div>\n\t\t\t\t<div class=\"elementor-column elementor-col-25 elementor-top-column elementor-element elementor-element-40c8489\" data-id=\"40c8489\" data-element_type=\"column\">\n\t\t\t<div class=\"elementor-widget-wrap elementor-element-populated\">\n\t\t\t\t\t\t\t\t<div class=\"elementor-element elementor-element-5c72346 elementor-widget elementor-widget-image\" data-id=\"5c72346\" data-element_type=\"widget\" data-widget_type=\"image.default\">\n\t\t\t\t<div class=\"elementor-widget-container\">\n\t\t\t\t\t\t\t\t\t\t\t\t\t\t\t\t<a href=\"#\" target=\"_blank\">\n\t\t\t\t\t\t\t<img loading=\"lazy\" decoding=\"async\" width=\"300\" height=\"123\" src=\"https:\/\/dihse.es\/wp-content\/uploads\/2024\/11\/Marca_Bragan_a_Assinatura_Complementar-300x123.jpg\" class=\"attachment-medium size-medium wp-image-3664\" alt=\"\" srcset=\"https:\/\/dihse.es\/wp-content\/uploads\/2024\/11\/Marca_Bragan_a_Assinatura_Complementar-300x123.jpg 300w, https:\/\/dihse.es\/wp-content\/uploads\/2024\/11\/Marca_Bragan_a_Assinatura_Complementar-1024x420.jpg 1024w, https:\/\/dihse.es\/wp-content\/uploads\/2024\/11\/Marca_Bragan_a_Assinatura_Complementar-768x315.jpg 768w, https:\/\/dihse.es\/wp-content\/uploads\/2024\/11\/Marca_Bragan_a_Assinatura_Complementar.jpg 1182w\" sizes=\"(max-width: 300px) 100vw, 300px\" \/>\t\t\t\t\t\t\t\t<\/a>\n\t\t\t\t\t\t\t\t\t\t\t\t\t\t\t<\/div>\n\t\t\t\t<\/div>\n\t\t\t\t\t<\/div>\n\t\t<\/div>\n\t\t\t\t\t\t\t<\/div>\n\t\t<\/section>\n\t\t\t\t<section class=\"elementor-section elementor-top-section elementor-element elementor-element-81d9ad8 elementor-section-content-middle elementor-section-boxed elementor-section-height-default elementor-section-height-default\" data-id=\"81d9ad8\" data-element_type=\"section\">\n\t\t\t\t\t\t<div class=\"elementor-container elementor-column-gap-default\">\n\t\t\t\t\t<div class=\"elementor-column elementor-col-25 elementor-top-column elementor-element elementor-element-e99dd4e\" data-id=\"e99dd4e\" data-element_type=\"column\">\n\t\t\t<div class=\"elementor-widget-wrap elementor-element-populated\">\n\t\t\t\t\t\t\t\t<div class=\"elementor-element elementor-element-d063e57 elementor-widget elementor-widget-image\" data-id=\"d063e57\" data-element_type=\"widget\" data-widget_type=\"image.default\">\n\t\t\t\t<div class=\"elementor-widget-container\">\n\t\t\t\t\t\t\t\t\t\t\t\t\t\t\t\t<a href=\"#\" target=\"_blank\">\n\t\t\t\t\t\t\t<img loading=\"lazy\" decoding=\"async\" width=\"150\" height=\"150\" src=\"https:\/\/dihse.es\/wp-content\/uploads\/2024\/11\/Logo-CIM-5-05-1-1-150x150.png\" class=\"attachment-thumbnail size-thumbnail wp-image-3673\" alt=\"\" \/>\t\t\t\t\t\t\t\t<\/a>\n\t\t\t\t\t\t\t\t\t\t\t\t\t\t\t<\/div>\n\t\t\t\t<\/div>\n\t\t\t\t\t<\/div>\n\t\t<\/div>\n\t\t\t\t<div class=\"elementor-column elementor-col-25 elementor-top-column elementor-element elementor-element-6ccdfea\" data-id=\"6ccdfea\" data-element_type=\"column\">\n\t\t\t<div class=\"elementor-widget-wrap elementor-element-populated\">\n\t\t\t\t\t\t\t\t<div class=\"elementor-element elementor-element-a2f5e43 elementor-widget elementor-widget-image\" data-id=\"a2f5e43\" data-element_type=\"widget\" data-widget_type=\"image.default\">\n\t\t\t\t<div class=\"elementor-widget-container\">\n\t\t\t\t\t\t\t\t\t\t\t\t\t\t\t\t<a href=\"#\" target=\"_blank\">\n\t\t\t\t\t\t\t<img loading=\"lazy\" decoding=\"async\" width=\"300\" height=\"152\" src=\"https:\/\/dihse.es\/wp-content\/uploads\/2024\/11\/logo-vector-caja-rural-de-zamora-1-300x152.jpg\" class=\"attachment-medium size-medium wp-image-3682\" alt=\"\" srcset=\"https:\/\/dihse.es\/wp-content\/uploads\/2024\/11\/logo-vector-caja-rural-de-zamora-1-300x152.jpg 300w, https:\/\/dihse.es\/wp-content\/uploads\/2024\/11\/logo-vector-caja-rural-de-zamora-1.jpg 630w\" sizes=\"(max-width: 300px) 100vw, 300px\" \/>\t\t\t\t\t\t\t\t<\/a>\n\t\t\t\t\t\t\t\t\t\t\t\t\t\t\t<\/div>\n\t\t\t\t<\/div>\n\t\t\t\t\t<\/div>\n\t\t<\/div>\n\t\t\t\t<div class=\"elementor-column elementor-col-25 elementor-top-column elementor-element elementor-element-3ad5dbe\" data-id=\"3ad5dbe\" data-element_type=\"column\">\n\t\t\t<div class=\"elementor-widget-wrap elementor-element-populated\">\n\t\t\t\t\t\t\t\t<div class=\"elementor-element elementor-element-4fdd3da elementor-widget elementor-widget-image\" data-id=\"4fdd3da\" data-element_type=\"widget\" data-widget_type=\"image.default\">\n\t\t\t\t<div class=\"elementor-widget-container\">\n\t\t\t\t\t\t\t\t\t\t\t\t\t\t\t\t<a href=\"#\" target=\"_blank\">\n\t\t\t\t\t\t\t<img loading=\"lazy\" decoding=\"async\" width=\"1024\" height=\"322\" src=\"https:\/\/dihse.es\/wp-content\/uploads\/2024\/11\/logo-Fundacio\u0301n-UBU-1024x322-1-1.jpg\" class=\"attachment-large size-large wp-image-3691\" alt=\"\" srcset=\"https:\/\/dihse.es\/wp-content\/uploads\/2024\/11\/logo-Fundacio\u0301n-UBU-1024x322-1-1.jpg 1024w, https:\/\/dihse.es\/wp-content\/uploads\/2024\/11\/logo-Fundacio\u0301n-UBU-1024x322-1-1-300x94.jpg 300w, https:\/\/dihse.es\/wp-content\/uploads\/2024\/11\/logo-Fundacio\u0301n-UBU-1024x322-1-1-768x242.jpg 768w\" sizes=\"(max-width: 1024px) 100vw, 1024px\" \/>\t\t\t\t\t\t\t\t<\/a>\n\t\t\t\t\t\t\t\t\t\t\t\t\t\t\t<\/div>\n\t\t\t\t<\/div>\n\t\t\t\t\t<\/div>\n\t\t<\/div>\n\t\t\t\t<div class=\"elementor-column elementor-col-25 elementor-top-column elementor-element elementor-element-e7fce72\" data-id=\"e7fce72\" data-element_type=\"column\">\n\t\t\t<div class=\"elementor-widget-wrap elementor-element-populated\">\n\t\t\t\t\t\t\t\t<div class=\"elementor-element elementor-element-269f4f1 elementor-widget elementor-widget-image\" data-id=\"269f4f1\" data-element_type=\"widget\" data-widget_type=\"image.default\">\n\t\t\t\t<div class=\"elementor-widget-container\">\n\t\t\t\t\t\t\t\t\t\t\t\t\t\t\t\t<a href=\"#\" target=\"_blank\">\n\t\t\t\t\t\t\t<img loading=\"lazy\" decoding=\"async\" width=\"150\" height=\"150\" src=\"https:\/\/dihse.es\/wp-content\/uploads\/2024\/11\/logo-territory-silver-economy-1-150x150.jpg\" class=\"attachment-thumbnail size-thumbnail wp-image-3700\" alt=\"\" \/>\t\t\t\t\t\t\t\t<\/a>\n\t\t\t\t\t\t\t\t\t\t\t\t\t\t\t<\/div>\n\t\t\t\t<\/div>\n\t\t\t\t\t<\/div>\n\t\t<\/div>\n\t\t\t\t\t\t\t<\/div>\n\t\t<\/section>\n\t\t\t\t\t\t\t<\/div>\n\t\t","protected":false},"excerpt":{"rendered":"<p>12 CLAVES DE LA SILVER ECONOMY 12 Claves de la Silver Economy es la s\u00edntesis del proyecto DIH_SE, transformada enconocimiento [&hellip;]<\/p>\n","protected":false},"author":7,"featured_media":0,"parent":0,"menu_order":0,"comment_status":"closed","ping_status":"closed","template":"","meta":{"footnotes":""},"class_list":["post-9686","page","type-page","status-publish","hentry"],"_links":{"self":[{"href":"https:\/\/dihse.es\/es\/wp-json\/wp\/v2\/pages\/9686","targetHints":{"allow":["GET"]}}],"collection":[{"href":"https:\/\/dihse.es\/es\/wp-json\/wp\/v2\/pages"}],"about":[{"href":"https:\/\/dihse.es\/es\/wp-json\/wp\/v2\/types\/page"}],"author":[{"embeddable":true,"href":"https:\/\/dihse.es\/es\/wp-json\/wp\/v2\/users\/7"}],"replies":[{"embeddable":true,"href":"https:\/\/dihse.es\/es\/wp-json\/wp\/v2\/comments?post=9686"}],"version-history":[{"count":12,"href":"https:\/\/dihse.es\/es\/wp-json\/wp\/v2\/pages\/9686\/revisions"}],"predecessor-version":[{"id":12758,"href":"https:\/\/dihse.es\/es\/wp-json\/wp\/v2\/pages\/9686\/revisions\/12758"}],"wp:attachment":[{"href":"https:\/\/dihse.es\/es\/wp-json\/wp\/v2\/media?parent=9686"}],"curies":[{"name":"wp","href":"https:\/\/api.w.org\/{rel}","templated":true}]}}